{"id":5481,"date":"2024-11-21T16:14:28","date_gmt":"2024-11-21T16:14:28","guid":{"rendered":"https:\/\/wtwamericas.com\/?page_id=5481"},"modified":"2026-03-16T17:21:01","modified_gmt":"2026-03-16T17:21:01","slug":"maquina-de-descarga-de-silos","status":"publish","type":"page","link":"https:\/\/wtwamericas.com\/es\/silo-discharge-machine\/","title":{"rendered":"M\u00e1quina de descarga de silos"},"content":{"rendered":"<div data-elementor-type=\"wp-page\" data-elementor-id=\"5481\" class=\"elementor elementor-5481\">\n\t\t\t\t<div class=\"elementor-element elementor-element-55c33cb8 e-con-full e-flex e-con e-parent\" data-id=\"55c33cb8\" data-element_type=\"container\" data-e-type=\"container\" data-settings=\"{&quot;background_background&quot;:&quot;classic&quot;}\">\n\t\t<div class=\"elementor-element elementor-element-f66c211 e-con-full e-flex e-con e-child\" data-id=\"f66c211\" data-element_type=\"container\" data-e-type=\"container\">\n\t\t\t\t<div class=\"elementor-element elementor-element-13d3708b elementor-widget elementor-widget-heading\" data-id=\"13d3708b\" data-element_type=\"widget\" data-e-type=\"widget\" data-widget_type=\"heading.default\">\n\t\t\t\t\t<h1 class=\"elementor-heading-title elementor-size-default\">M\u00e1quinas fiables para la descarga de silos<\/h1>\t\t\t\t<\/div>\n\t\t\t\t<\/div>\n\t\t\t\t<\/div>\n\t\t<div class=\"elementor-element elementor-element-dcf2dde e-flex e-con-boxed e-con e-parent\" data-id=\"dcf2dde\" data-element_type=\"container\" data-e-type=\"container\">\n\t\t\t\t\t<div class=\"e-con-inner\">\n\t\t\t\t<div class=\"elementor-element elementor-element-62fd3c6 elementor-widget elementor-widget-text-editor\" data-id=\"62fd3c6\" data-element_type=\"widget\" data-e-type=\"widget\" data-widget_type=\"text-editor.default\">\n\t\t\t\t\t\t\t\t\t<h3><b>Descarga, distribuci\u00f3n, recuperaci\u00f3n y almacenamiento de materiales a granel.<\/b><\/h3><p>Los descargadores de silos se emplean para materiales que tienen caracter\u00edsticas de flujo tan deficientes que la gravedad por s\u00ed sola no es suficiente para permitir que fluyan desde un silo, tolva o tanque. Esta soluci\u00f3n de equipo evita los problemas t\u00edpicos de descarga, como el pegado, la formaci\u00f3n de puentes y la formaci\u00f3n de cavidades.<\/p>\t\t\t\t\t\t\t\t<\/div>\n\t\t\t\t\t<\/div>\n\t\t\t\t<\/div>\n\t\t<div class=\"elementor-element elementor-element-2c569c97 e-flex e-con-boxed e-con e-parent\" data-id=\"2c569c97\" data-element_type=\"container\" data-e-type=\"container\">\n\t\t\t\t\t<div class=\"e-con-inner\">\n\t\t<div class=\"elementor-element elementor-element-2207ab5c e-con-full e-flex e-con e-child\" data-id=\"2207ab5c\" data-element_type=\"container\" data-e-type=\"container\">\n\t\t<div class=\"elementor-element elementor-element-691ee7b e-con-full e-flex e-con e-child\" data-id=\"691ee7b\" data-element_type=\"container\" data-e-type=\"container\" data-settings=\"{&quot;background_background&quot;:&quot;classic&quot;}\">\n\t\t\t\t<\/div>\n\t\t<div class=\"elementor-element elementor-element-58ef2595 e-con-full e-flex e-con e-child\" data-id=\"58ef2595\" data-element_type=\"container\" data-e-type=\"container\" data-settings=\"{&quot;background_background&quot;:&quot;classic&quot;}\">\n\t\t\t\t<div class=\"elementor-element elementor-element-54da1f6d elementor-widget elementor-widget-text-editor\" data-id=\"54da1f6d\" data-element_type=\"widget\" data-e-type=\"widget\" data-widget_type=\"text-editor.default\">\n\t\t\t\t\t\t\t\t\t<h3>Acerca de la m\u00e1quina de descarga de silos<\/h3><p>El descargador de silos de WTW es nuestro sistema de descarga m\u00e1s vers\u00e1til y flexible. Disponible en tama\u00f1os de 1,5 a 6 metros de di\u00e1metro y con capacidades de descarga de hasta 1000 t\/h, la m\u00e1quina de descarga de silos de WTW es una de nuestras instalaciones m\u00e1s solicitadas.<\/p><p>La funci\u00f3n de la unidad de descarga central Silo Discharge Machine es extraer material a granel h\u00famedo, caliente, cohesivo, pesado y otros materiales que no fluyen libremente almacenados o acumulados en contenedores o silos.<\/p><p>El brazo de descarga giratorio transporta el material a granel hacia la abertura situada en el centro del piso y lo descarga a trav\u00e9s de esta abertura. Para evitar que el material a granel salga de forma incontrolada, la abertura de descarga est\u00e1 cubierta por un cono interior. El brazo de descarga pasa por debajo del cono interior y activa todo el fondo del silo durante la operaci\u00f3n de descarga.<\/p><p>Una revoluci\u00f3n de este brazo especialmente curvado y perfilado extrae un disco uniforme de material del silo. Esto mantiene la columna de material a granel en movimiento y conserva su capacidad de flujo, evitando la solidificaci\u00f3n del material a granel con el paso del tiempo y el riesgo de formaci\u00f3n de puentes y cavidades dentro del silo.<\/p>\t\t\t\t\t\t\t\t<\/div>\n\t\t\t\t<\/div>\n\t\t\t\t<\/div>\n\t\t<div class=\"elementor-element elementor-element-3285f2bd e-con-full e-flex e-con e-child\" data-id=\"3285f2bd\" data-element_type=\"container\" data-e-type=\"container\">\n\t\t<div class=\"elementor-element elementor-element-237a757a e-con-full e-flex e-con e-child\" data-id=\"237a757a\" data-element_type=\"container\" data-e-type=\"container\" data-settings=\"{&quot;background_background&quot;:&quot;classic&quot;}\">\n\t\t\t\t<div class=\"elementor-element elementor-element-28987968 elementor-widget elementor-widget-text-editor\" data-id=\"28987968\" data-element_type=\"widget\" data-e-type=\"widget\" data-widget_type=\"text-editor.default\">\n\t\t\t\t\t\t\t\t\t<h3>Cono giratorio libre<\/h3><p>El cono giratorio libre tiene la ventaja de no presentar obst\u00e1culos, como vigas transversales o soportes c\u00f3nicos, que puedan interrumpir el flujo del material. Los materiales a granel muy pegajosos o que no fluyen libremente no tienen posibilidad de formar puentes. Esta caracter\u00edstica permite que un material a granel tenga hasta tres veces m\u00e1s tiempo de almacenamiento en reposo en comparaci\u00f3n con un cono soportado por vigas. Este dise\u00f1o debe utilizarse para materiales a granel h\u00famedos, como yeso FGD, arcilla, marga, etc.<\/p>\t\t\t\t\t\t\t\t<\/div>\n\t\t\t\t<\/div>\n\t\t<div class=\"elementor-element elementor-element-7b70fc39 e-con-full e-flex e-con e-child\" data-id=\"7b70fc39\" data-element_type=\"container\" data-e-type=\"container\" data-settings=\"{&quot;background_background&quot;:&quot;classic&quot;}\">\n\t\t\t\t<\/div>\n\t\t\t\t<\/div>\n\t\t\t\t\t<\/div>\n\t\t\t\t<\/div>\n\t\t<div class=\"elementor-element elementor-element-2df4d546 e-flex e-con-boxed e-con e-parent\" data-id=\"2df4d546\" data-element_type=\"container\" data-e-type=\"container\">\n\t\t\t\t\t<div class=\"e-con-inner\">\n\t\t<div class=\"elementor-element elementor-element-40feda91 e-con-full e-flex e-con e-child\" data-id=\"40feda91\" data-element_type=\"container\" data-e-type=\"container\">\n\t\t<div class=\"elementor-element elementor-element-627a2b08 e-con-full e-flex e-con e-child\" data-id=\"627a2b08\" data-element_type=\"container\" data-e-type=\"container\" data-settings=\"{&quot;background_background&quot;:&quot;classic&quot;}\">\n\t\t\t\t<\/div>\n\t\t<div class=\"elementor-element elementor-element-3c94d37a e-con-full e-flex e-con e-child\" data-id=\"3c94d37a\" data-element_type=\"container\" data-e-type=\"container\" data-settings=\"{&quot;background_background&quot;:&quot;classic&quot;}\">\n\t\t\t\t<div class=\"elementor-element elementor-element-5cd414fd elementor-widget elementor-widget-text-editor\" data-id=\"5cd414fd\" data-element_type=\"widget\" data-e-type=\"widget\" data-widget_type=\"text-editor.default\">\n\t\t\t\t\t\t\t\t\t<h3>Cono sostenido por vigas<\/h3><p>Este dise\u00f1o se utiliza para materiales a granel con malas caracter\u00edsticas de flujo, o para tolvas de compensaci\u00f3n en las que no es necesario un tiempo de almacenamiento prolongado. Los materiales a granel t\u00edpicos que se utilizan en esta m\u00e1quina son piedra caliza, yeso natural, minerales, carb\u00f3n y coque de petr\u00f3leo. Tambi\u00e9n se pueden utilizar con esta m\u00e1quina materiales a granel gruesos o secos.<\/p>\t\t\t\t\t\t\t\t<\/div>\n\t\t\t\t<\/div>\n\t\t\t\t<\/div>\n\t\t\t\t\t<\/div>\n\t\t\t\t<\/div>\n\t\t<div class=\"elementor-element elementor-element-65eda06c e-flex e-con-boxed e-con e-parent\" data-id=\"65eda06c\" data-element_type=\"container\" data-e-type=\"container\">\n\t\t\t\t\t<div class=\"e-con-inner\">\n\t\t<div class=\"elementor-element elementor-element-cbc2ae5 e-con-full e-flex e-con e-child\" data-id=\"cbc2ae5\" data-element_type=\"container\" data-e-type=\"container\">\n\t\t<div class=\"elementor-element elementor-element-e143748 e-con-full e-flex e-con e-child\" data-id=\"e143748\" data-element_type=\"container\" data-e-type=\"container\" data-settings=\"{&quot;background_background&quot;:&quot;classic&quot;}\">\n\t\t\t\t<div class=\"elementor-element elementor-element-c6e323d elementor-widget elementor-widget-text-editor\" data-id=\"c6e323d\" data-element_type=\"widget\" data-e-type=\"widget\" data-widget_type=\"text-editor.default\">\n\t\t\t\t\t\t\t\t\t<h3>Unidad interna<\/h3><p>Esta caracter\u00edstica le ofrece la ventaja de almacenar materiales a granel muy polvorientos o materiales que tienden a la combusti\u00f3n espont\u00e1nea. Uno de los brazos est\u00e1 construido como un t\u00fanel de inspecci\u00f3n, por lo que el mantenimiento del accionamiento se puede realizar sin vaciar el silo. Las aplicaciones t\u00edpicas son carb\u00f3n pulverizado, carb\u00f3n subbituminoso (carb\u00f3n PRB), cenizas volantes h\u00famedas y yeso.<\/p><p><b>Beneficios para usted<\/b><\/p><ul><li>Optimiza el espacio de almacenamiento.<\/li><li>Proporciona una descarga constante y confiable de su material.<\/li><li>Flujo m\u00e1sico continuo aplicable a todas las industrias.<\/li><li>Su dise\u00f1o resistente y confiable minimiza el tiempo de inactividad y el mantenimiento.<\/li><\/ul><p>La m\u00e1quina de descarga de silos se puede utilizar en fosas para vaciar de manera eficiente vagones de tren o camiones, y en tolvas para descargar conchas de almeja o cargadoras frontales, o bien utilizarse de manera tradicional en silos.<\/p>\t\t\t\t\t\t\t\t<\/div>\n\t\t\t\t<\/div>\n\t\t<div class=\"elementor-element elementor-element-8b69675 e-con-full e-flex e-con e-child\" data-id=\"8b69675\" data-element_type=\"container\" data-e-type=\"container\" data-settings=\"{&quot;background_background&quot;:&quot;classic&quot;}\">\n\t\t\t\t<\/div>\n\t\t\t\t<\/div>\n\t\t\t\t<div class=\"elementor-element elementor-element-66a4bc6 elementor-widget elementor-widget-image\" data-id=\"66a4bc6\" data-element_type=\"widget\" data-e-type=\"widget\" data-widget_type=\"image.default\">\n\t\t\t\t\t\t\t\t\t\t\t\t\t\t\t<img fetchpriority=\"high\" decoding=\"async\" width=\"600\" height=\"600\" src=\"https:\/\/wtwamericas.com\/wp-content\/uploads\/2024\/11\/BinEx-5-1.png\" class=\"attachment-large size-large wp-image-5443\" alt=\"M\u00e1quina de descarga de silos\" srcset=\"https:\/\/wtwamericas.com\/wp-content\/uploads\/2024\/11\/BinEx-5-1.png 600w, https:\/\/wtwamericas.com\/wp-content\/uploads\/2024\/11\/BinEx-5-1-300x300.png 300w, https:\/\/wtwamericas.com\/wp-content\/uploads\/2024\/11\/BinEx-5-1-150x150.png 150w\" sizes=\"(max-width: 600px) 100vw, 600px\" \/>\t\t\t\t\t\t\t\t\t\t\t\t\t\t\t<\/div>\n\t\t\t\t<div class=\"elementor-element elementor-element-90c278 elementor-widget elementor-widget-text-editor\" data-id=\"90c278\" data-element_type=\"widget\" data-e-type=\"widget\" data-widget_type=\"text-editor.default\">\n\t\t\t\t\t\t\t\t\t<h3>M\u00e1s informaci\u00f3n<\/h3><p>Para obtener m\u00e1s informaci\u00f3n sobre la m\u00e1quina de descarga de silos de WTW Americas, env\u00ede un correo electr\u00f3nico a <a style=\"color: #5c9445;\" href=\"mailto:info@wtwamericas.com\">info@wtwamericas.com<\/a> o llame al <a style=\"color: #5c9445;\" href=\"http:\/\/tel:+1705-749-3544\">+1705-749-3544<\/a>.<\/p>\t\t\t\t\t\t\t\t<\/div>\n\t\t\t\t\t<\/div>\n\t\t\t\t<\/div>\n\t\t<div class=\"elementor-element elementor-element-73eac7d e-flex e-con-boxed e-con e-parent\" data-id=\"73eac7d\" data-element_type=\"container\" data-e-type=\"container\">\n\t\t\t\t\t<div class=\"e-con-inner\">\n\t\t\t\t<div class=\"elementor-element elementor-element-3bc5633 elementor-align-center elementor-widget elementor-widget-button\" data-id=\"3bc5633\" data-element_type=\"widget\" data-e-type=\"widget\" data-widget_type=\"button.default\">\n\t\t\t\t\t\t\t\t\t\t<a class=\"elementor-button elementor-button-link elementor-size-sm\" href=\"https:\/\/wtwamericas.com\/wp-content\/uploads\/2026\/03\/WTW-SDM-PDF.pdf\">\n\t\t\t\t\t\t<span class=\"elementor-button-content-wrapper\">\n\t\t\t\t\t\t\t\t\t<span class=\"elementor-button-text\">Ver el folleto de la m\u00e1quina de descarga de silos<\/span>\n\t\t\t\t\t<\/span>\n\t\t\t\t\t<\/a>\n\t\t\t\t\t\t\t\t<\/div>\n\t\t\t\t\t<\/div>\n\t\t\t\t<\/div>\n\t\t\t\t<\/div>","protected":false},"excerpt":{"rendered":"<p>Reliable Silo Discharge Machines Discharge, Distribution, Reclamation and Storage of Bulk Materials Silo dischargers are employed for materials that have such poor flow characteristics that gravity alone is not sufficient to allow them to flow from a silo, hopper, or tank. This equipment solution prevents typical discharging problems, such as sticking, bridging, and ratholing. About [&hellip;]<\/p>\n","protected":false},"author":3,"featured_media":0,"parent":0,"menu_order":0,"comment_status":"closed","ping_status":"closed","template":"","meta":{"footnotes":""},"class_list":["post-5481","page","type-page","status-publish","hentry"],"aioseo_notices":[],"_links":{"self":[{"href":"https:\/\/wtwamericas.com\/es\/wp-json\/wp\/v2\/pages\/5481","targetHints":{"allow":["GET"]}}],"collection":[{"href":"https:\/\/wtwamericas.com\/es\/wp-json\/wp\/v2\/pages"}],"about":[{"href":"https:\/\/wtwamericas.com\/es\/wp-json\/wp\/v2\/types\/page"}],"author":[{"embeddable":true,"href":"https:\/\/wtwamericas.com\/es\/wp-json\/wp\/v2\/users\/3"}],"replies":[{"embeddable":true,"href":"https:\/\/wtwamericas.com\/es\/wp-json\/wp\/v2\/comments?post=5481"}],"version-history":[{"count":0,"href":"https:\/\/wtwamericas.com\/es\/wp-json\/wp\/v2\/pages\/5481\/revisions"}],"wp:attachment":[{"href":"https:\/\/wtwamericas.com\/es\/wp-json\/wp\/v2\/media?parent=5481"}],"curies":[{"name":"wp","href":"https:\/\/api.w.org\/{rel}","templated":true}]}}