{"id":5492,"date":"2024-11-21T16:22:19","date_gmt":"2024-11-21T16:22:19","guid":{"rendered":"https:\/\/wtwamericas.com\/?page_id=5492"},"modified":"2026-03-16T17:29:30","modified_gmt":"2026-03-16T17:29:30","slug":"maquina-de-descarga-de-bunker","status":"publish","type":"page","link":"https:\/\/wtwamericas.com\/es\/bunker-discharge-machine\/","title":{"rendered":"M\u00e1quina descargadora de b\u00fanker"},"content":{"rendered":"<div data-elementor-type=\"wp-page\" data-elementor-id=\"5492\" class=\"elementor elementor-5492\">\n\t\t\t\t<div class=\"elementor-element elementor-element-156ff5d4 e-con-full e-flex e-con e-parent\" data-id=\"156ff5d4\" data-element_type=\"container\" data-e-type=\"container\" data-settings=\"{&quot;background_background&quot;:&quot;classic&quot;}\">\n\t\t<div class=\"elementor-element elementor-element-5701de e-con-full e-flex e-con e-child\" data-id=\"5701de\" data-element_type=\"container\" data-e-type=\"container\">\n\t\t\t\t<div class=\"elementor-element elementor-element-67d09638 elementor-widget elementor-widget-heading\" data-id=\"67d09638\" data-element_type=\"widget\" data-e-type=\"widget\" data-widget_type=\"heading.default\">\n\t\t\t\t\t<h1 class=\"elementor-heading-title elementor-size-default\">Robustas m\u00e1quinas de descarga de b\u00fankeres<\/h1>\t\t\t\t<\/div>\n\t\t\t\t<\/div>\n\t\t\t\t<\/div>\n\t\t<div class=\"elementor-element elementor-element-88d21ea e-flex e-con-boxed e-con e-parent\" data-id=\"88d21ea\" data-element_type=\"container\" data-e-type=\"container\">\n\t\t\t\t\t<div class=\"e-con-inner\">\n\t\t\t\t\t<\/div>\n\t\t\t\t<\/div>\n\t\t<div class=\"elementor-element elementor-element-4555d980 e-flex e-con-boxed e-con e-parent\" data-id=\"4555d980\" data-element_type=\"container\" data-e-type=\"container\">\n\t\t\t\t\t<div class=\"e-con-inner\">\n\t\t<div class=\"elementor-element elementor-element-1138488d e-con-full e-flex e-con e-child\" data-id=\"1138488d\" data-element_type=\"container\" data-e-type=\"container\">\n\t\t<div class=\"elementor-element elementor-element-6d24e4d6 e-con-full e-flex e-con e-child\" data-id=\"6d24e4d6\" data-element_type=\"container\" data-e-type=\"container\" data-settings=\"{&quot;background_background&quot;:&quot;classic&quot;}\">\n\t\t\t\t<\/div>\n\t\t<div class=\"elementor-element elementor-element-548d075 e-con-full e-flex e-con e-child\" data-id=\"548d075\" data-element_type=\"container\" data-e-type=\"container\" data-settings=\"{&quot;background_background&quot;:&quot;classic&quot;}\">\n\t\t\t\t<div class=\"elementor-element elementor-element-4b34742c elementor-widget elementor-widget-text-editor\" data-id=\"4b34742c\" data-element_type=\"widget\" data-e-type=\"widget\" data-widget_type=\"text-editor.default\">\n\t\t\t\t\t\t\t\t\t<h3>\u00bfQu\u00e9 es una m\u00e1quina de descarga de b\u00fanker?<\/h3><p>Una m\u00e1quina descargadora de silos (BDM) es un mecanismo para recuperar materiales a granel dif\u00edciles de manejar de silos, tolvas, dep\u00f3sitos, contenedores, pilas de almacenamiento y almacenes tipo c\u00fapula. La m\u00e1quina descargadora de silos puede desplazarse para recuperar material de pilas de almacenamiento largas o tolvas y descargarlo en una cinta transportadora colectora. Se emplea con frecuencia en el transporte de piedra caliza, yeso FGD, carb\u00f3n, clinker, mineral de hierro, aditivos, cemento o residuos.<\/p>\t\t\t\t\t\t\t\t<\/div>\n\t\t\t\t<\/div>\n\t\t\t\t<\/div>\n\t\t<div class=\"elementor-element elementor-element-5b42f531 e-con-full e-flex e-con e-child\" data-id=\"5b42f531\" data-element_type=\"container\" data-e-type=\"container\">\n\t\t<div class=\"elementor-element elementor-element-1a6bedd5 e-con-full e-flex e-con e-child\" data-id=\"1a6bedd5\" data-element_type=\"container\" data-e-type=\"container\" data-settings=\"{&quot;background_background&quot;:&quot;classic&quot;}\">\n\t\t\t\t<div class=\"elementor-element elementor-element-253287d3 elementor-widget elementor-widget-text-editor\" data-id=\"253287d3\" data-element_type=\"widget\" data-e-type=\"widget\" data-widget_type=\"text-editor.default\">\n\t\t\t\t\t\t\t\t\t<h4>Acerca de la m\u00e1quina de descarga de b\u00fankeres de WTW<\/h4><p>La m\u00e1quina de descarga de tolvas de WTW est\u00e1 dise\u00f1ada espec\u00edficamente para recuperar materiales a granel dif\u00edciles de manejar, h\u00famedos y cohesivos de tolvas, tolvas de descarga, contenedores, silos, pilas de almacenamiento y almacenes tipo c\u00fapula.<\/p><p>Durante la descarga, la BDM puede desplazarse sobre rieles. Su rueda de descarga giratoria recupera el material a granel de la pila de almacenamiento o tolva y lo transporta a una cinta transportadora situada debajo de la m\u00e1quina de descarga del silo.<\/p><p>La rueda de descarga del BDM tiene seis brazos de descarga de forma logar\u00edtmica que garantizan una alimentaci\u00f3n constante de cualquier material a granel. Los brazos de descarga est\u00e1n revestidos con placas resistentes al desgaste dise\u00f1adas para aumentar su vida \u00fatil.<\/p><p>Gracias a nuestro dise\u00f1o de brazo retr\u00e1ctil, la BDM puede utilizarse incluso para mezclar diversos materiales a granel o diferentes calidades del mismo material a granel. Los brazos pueden retraerse de la pila de almacenamiento y, a continuaci\u00f3n, se activa el desplazamiento a alta velocidad para mover r\u00e1pidamente la m\u00e1quina a otra ubicaci\u00f3n.<\/p><p>Se pueden emplear sistemas de pesaje a bordo o sistemas de eliminaci\u00f3n de polvo, lo que hace que el BDM sea extremadamente confiable y ofrezca una alimentaci\u00f3n de alta precisi\u00f3n.<\/p>\t\t\t\t\t\t\t\t<\/div>\n\t\t\t\t<\/div>\n\t\t<div class=\"elementor-element elementor-element-17a6da43 e-con-full e-flex e-con e-child\" data-id=\"17a6da43\" data-element_type=\"container\" data-e-type=\"container\" data-settings=\"{&quot;background_background&quot;:&quot;classic&quot;}\">\n\t\t\t\t<\/div>\n\t\t\t\t<\/div>\n\t\t\t\t\t<\/div>\n\t\t\t\t<\/div>\n\t\t<div class=\"elementor-element elementor-element-666eb5ee e-flex e-con-boxed e-con e-parent\" data-id=\"666eb5ee\" data-element_type=\"container\" data-e-type=\"container\">\n\t\t\t\t\t<div class=\"e-con-inner\">\n\t\t<div class=\"elementor-element elementor-element-33791493 e-con-full e-flex e-con e-child\" data-id=\"33791493\" data-element_type=\"container\" data-e-type=\"container\">\n\t\t<div class=\"elementor-element elementor-element-65655b3d e-con-full e-flex e-con e-child\" data-id=\"65655b3d\" data-element_type=\"container\" data-e-type=\"container\" data-settings=\"{&quot;background_background&quot;:&quot;classic&quot;}\">\n\t\t\t\t<\/div>\n\t\t<div class=\"elementor-element elementor-element-5f6dcc8b e-con-full e-flex e-con e-child\" data-id=\"5f6dcc8b\" data-element_type=\"container\" data-e-type=\"container\" data-settings=\"{&quot;background_background&quot;:&quot;classic&quot;}\">\n\t\t\t\t<div class=\"elementor-element elementor-element-610da7b3 elementor-widget elementor-widget-text-editor\" data-id=\"610da7b3\" data-element_type=\"widget\" data-e-type=\"widget\" data-widget_type=\"text-editor.default\">\n\t\t\t\t\t\t\t\t\t<p>Con tasas de recuperaci\u00f3n de 10 a 2500 t\/h, la m\u00e1quina de descarga de tolvas de WTW tiene la capacidad de recuperar materiales de pilas de almacenamiento masivas, silos de di\u00e1metros extremadamente grandes, tolvas grandes, tolvas de alcance libre y tolvas longitudinales.<\/p><p>El uso de combinaciones alternativas como vidrio triturado, concreto reciclado e incluso pl\u00e1stico puede reducir considerablemente el agotamiento de los recursos. Esta pr\u00e1ctica no solo desv\u00eda los residuos de los vertederos, sino que tambi\u00e9n ofrece un rendimiento comparable o incluso superior al de las mezclas de concreto tradicionales.<\/p><p>Al adoptar la tecnolog\u00eda del concreto ecol\u00f3gico, las empresas han comenzado a dar prioridad al uso de materiales reciclados, a reducir el consumo de agua y a implementar procesos de fabricaci\u00f3n eficientes desde el punto de vista energ\u00e9tico. Adem\u00e1s, el desarrollo del concreto inteligente, dotado de propiedades que detectan los cambios estructurales, es una innovaci\u00f3n notable que est\u00e1 transformando el panorama de la construcci\u00f3n. Con la llegada de los materiales autorreparables, las estructuras ahora pueden reparar de forma aut\u00f3noma las grietas, lo que prolonga significativamente su vida \u00fatil y reduce los gastos de mantenimiento.<\/p><p><strong>Beneficios para usted<\/strong><\/p><ul><li>Dise\u00f1ado para maximizar el almacenamiento con los menores costos operativos.<\/li><li>Recuperaci\u00f3n automatizada, mezcla y altas tasas de recuperaci\u00f3n.<\/li><li>Los brazos de descarga est\u00e1n dise\u00f1ados y revestidos con materiales resistentes al desgaste para minimizar el desgaste.<\/li><li>Todas las superficies son f\u00e1ciles de limpiar y mantener.<\/li><li>Todos los componentes de la transmisi\u00f3n se mantienen alejados del material, lo que los protege y facilita el acceso para fines de mantenimiento o inspecci\u00f3n.<\/li><\/ul>\t\t\t\t\t\t\t\t<\/div>\n\t\t\t\t<\/div>\n\t\t\t\t<\/div>\n\t\t\t\t\t<\/div>\n\t\t\t\t<\/div>\n\t\t<div class=\"elementor-element elementor-element-19ef5474 e-flex e-con-boxed e-con e-parent\" data-id=\"19ef5474\" data-element_type=\"container\" data-e-type=\"container\">\n\t\t\t\t\t<div class=\"e-con-inner\">\n\t\t\t\t<div class=\"elementor-element elementor-element-abccdb3 elementor-widget elementor-widget-text-editor\" data-id=\"abccdb3\" data-element_type=\"widget\" data-e-type=\"widget\" data-widget_type=\"text-editor.default\">\n\t\t\t\t\t\t\t\t\t<h3>M\u00e1s informaci\u00f3n<\/h3><p>Para obtener m\u00e1s informaci\u00f3n sobre los equipos y la experiencia de WTW Americas en m\u00e1quinas de descarga de b\u00fankeres, env\u00ede un correo electr\u00f3nico a <a style=\"color: #5c9445;\" href=\"mailto:info@wtwamericas.com\">info@wtwamericas.com<\/a> o llame al <a style=\"color: #5c9445;\" href=\"http:\/\/tel:+1705-749-3544\">+1705-749-3544<\/a>.<\/p>\t\t\t\t\t\t\t\t<\/div>\n\t\t\t\t\t<\/div>\n\t\t\t\t<\/div>\n\t\t<div class=\"elementor-element elementor-element-e4ee1c3 e-flex e-con-boxed e-con e-parent\" data-id=\"e4ee1c3\" data-element_type=\"container\" data-e-type=\"container\">\n\t\t\t\t\t<div class=\"e-con-inner\">\n\t\t\t\t<div class=\"elementor-element elementor-element-ecbca3b elementor-align-center elementor-widget elementor-widget-button\" data-id=\"ecbca3b\" data-element_type=\"widget\" data-e-type=\"widget\" data-widget_type=\"button.default\">\n\t\t\t\t\t\t\t\t\t\t<a class=\"elementor-button elementor-button-link elementor-size-sm\" href=\"https:\/\/wtwamericas.com\/wp-content\/uploads\/2026\/03\/WTW-BDM-PDF.pdf\">\n\t\t\t\t\t\t<span class=\"elementor-button-content-wrapper\">\n\t\t\t\t\t\t\t\t\t<span class=\"elementor-button-text\">Ver el folleto de la m\u00e1quina descargadora de b\u00fankeres<\/span>\n\t\t\t\t\t<\/span>\n\t\t\t\t\t<\/a>\n\t\t\t\t\t\t\t\t<\/div>\n\t\t\t\t\t<\/div>\n\t\t\t\t<\/div>\n\t\t\t\t<\/div>","protected":false},"excerpt":{"rendered":"<p>Robust Bunker Discharge Machines What is a Bunker Discharge Machine? A Bunker Discharge Machine (BDM) is a mechanism for reclaiming tough to manage bulk materials from silos, bunkers, hoppers, bins, stockpiles, and dome type storages. The Bunker Discharge Machine can travel to reclaim from long stockpiles or hoppers and discharge l it onto a gathering [&hellip;]<\/p>\n","protected":false},"author":3,"featured_media":0,"parent":0,"menu_order":0,"comment_status":"closed","ping_status":"closed","template":"","meta":{"footnotes":""},"class_list":["post-5492","page","type-page","status-publish","hentry"],"aioseo_notices":[],"_links":{"self":[{"href":"https:\/\/wtwamericas.com\/es\/wp-json\/wp\/v2\/pages\/5492","targetHints":{"allow":["GET"]}}],"collection":[{"href":"https:\/\/wtwamericas.com\/es\/wp-json\/wp\/v2\/pages"}],"about":[{"href":"https:\/\/wtwamericas.com\/es\/wp-json\/wp\/v2\/types\/page"}],"author":[{"embeddable":true,"href":"https:\/\/wtwamericas.com\/es\/wp-json\/wp\/v2\/users\/3"}],"replies":[{"embeddable":true,"href":"https:\/\/wtwamericas.com\/es\/wp-json\/wp\/v2\/comments?post=5492"}],"version-history":[{"count":0,"href":"https:\/\/wtwamericas.com\/es\/wp-json\/wp\/v2\/pages\/5492\/revisions"}],"wp:attachment":[{"href":"https:\/\/wtwamericas.com\/es\/wp-json\/wp\/v2\/media?parent=5492"}],"curies":[{"name":"wp","href":"https:\/\/api.w.org\/{rel}","templated":true}]}}