{"id":5500,"date":"2024-11-21T16:24:35","date_gmt":"2024-11-21T16:24:35","guid":{"rendered":"https:\/\/wtwamericas.com\/?page_id=5500"},"modified":"2026-03-16T17:14:13","modified_gmt":"2026-03-16T17:14:13","slug":"transportador-de-cadena-tkf","status":"publish","type":"page","link":"https:\/\/wtwamericas.com\/es\/tkf-chain-conveyor\/","title":{"rendered":"Transportador de cadena TKF"},"content":{"rendered":"<div data-elementor-type=\"wp-page\" data-elementor-id=\"5500\" class=\"elementor elementor-5500\">\n\t\t\t\t<div class=\"elementor-element elementor-element-2696fb33 e-con-full e-flex e-con e-parent\" data-id=\"2696fb33\" data-element_type=\"container\" data-e-type=\"container\" data-settings=\"{&quot;background_background&quot;:&quot;classic&quot;}\">\n\t\t<div class=\"elementor-element elementor-element-713cfdc5 e-con-full e-flex e-con e-child\" data-id=\"713cfdc5\" data-element_type=\"container\" data-e-type=\"container\">\n\t\t\t\t<div class=\"elementor-element elementor-element-64642e7f elementor-widget elementor-widget-heading\" data-id=\"64642e7f\" data-element_type=\"widget\" data-e-type=\"widget\" data-widget_type=\"heading.default\">\n\t\t\t\t\t<h1 class=\"elementor-heading-title elementor-size-default\">Soluciones duraderas de transportadores de cadena TKF<\/h1>\t\t\t\t<\/div>\n\t\t\t\t<\/div>\n\t\t\t\t<\/div>\n\t\t<div class=\"elementor-element elementor-element-5c536e5b e-flex e-con-boxed e-con e-parent\" data-id=\"5c536e5b\" data-element_type=\"container\" data-e-type=\"container\">\n\t\t\t\t\t<div class=\"e-con-inner\">\n\t\t<div class=\"elementor-element elementor-element-36b047b e-con-full e-flex e-con e-child\" data-id=\"36b047b\" data-element_type=\"container\" data-e-type=\"container\">\n\t\t\t\t<div class=\"elementor-element elementor-element-4d01129 elementor-widget elementor-widget-text-editor\" data-id=\"4d01129\" data-element_type=\"widget\" data-e-type=\"widget\" data-widget_type=\"text-editor.default\">\n\t\t\t\t\t\t\t\t\t<h3 class=\"p1\"><b>Transporte, descarga, alimentaci\u00f3n y distribuci\u00f3n a prueba de polvo<\/b><\/h3><p>Las cintas transportadoras de cadena TKF de WTW America se pueden configurar en una gran variedad de anchos y longitudes. Se pueden utilizar para distribuir, descargar y transportar material en casi cualquier direcci\u00f3n y orientaci\u00f3n. Se emplean con frecuencia para mover materiales que normalmente no se transportar\u00edan en cintas transportadoras, como CKD, combustibles alternativos, cemento u otros materiales polvorientos.<\/p>\t\t\t\t\t\t\t\t<\/div>\n\t\t<div class=\"elementor-element elementor-element-b940638 e-con-full e-flex e-con e-child\" data-id=\"b940638\" data-element_type=\"container\" data-e-type=\"container\">\n\t\t<div class=\"elementor-element elementor-element-6367c52 e-con-full e-flex e-con e-child\" data-id=\"6367c52\" data-element_type=\"container\" data-e-type=\"container\">\n\t\t<div class=\"elementor-element elementor-element-114993d e-con-full e-flex e-con e-child\" data-id=\"114993d\" data-element_type=\"container\" data-e-type=\"container\" data-settings=\"{&quot;background_background&quot;:&quot;classic&quot;}\">\n\t\t\t\t<div class=\"elementor-element elementor-element-1f35f52 elementor-widget elementor-widget-text-editor\" data-id=\"1f35f52\" data-element_type=\"widget\" data-e-type=\"widget\" data-widget_type=\"text-editor.default\">\n\t\t\t\t\t\t\t\t\t<p class=\"p1\">Las cintas transportadoras de cadena TKF de WTW Americas, ya sean est\u00e1ndar o dise\u00f1adas espec\u00edficamente, son autolimpiables y pueden funcionar en horizontal, en inclinaci\u00f3n e incluso en vertical, con anchos de entre 0,25 y 2 metros. Nuestras soluciones de cintas transportadoras de cadena han sido sometidas a rigurosas pruebas para garantizar su buen funcionamiento una vez instaladas en el campo.<\/p><p class=\"p1\">La combinaci\u00f3n del material de la cadena, el m\u00e9todo de fabricaci\u00f3n de los eslabones, el l\u00edmite el\u00e1stico, el endurecimiento de la cadena, as\u00ed como el material de los elementos de fijaci\u00f3n, como pernos, pasadores y tolerancias de la cubeta, convierten nuestra cadena en un sistema duradero y sin problemas. Todos los conectores y pasadores est\u00e1n fabricados en acero aleado de alta calidad que se somete a tratamientos especiales para mejorar su duraci\u00f3n y resistencia al desgaste.<\/p><p>Los materiales pegajosos, calientes (hasta 750 \u00baC) y abrasivos, como el yeso sint\u00e9tico, los lodos o la escoria, se transportan f\u00e1cilmente a una velocidad de entre 0 y 1000 t\/h.<span class=\"Apple-converted-space\">\u00a0\u00a0<\/span>Nuestras cadenas transportadoras de una y dos hileras, dise\u00f1adas en Alemania, son un medio confiable para transportar y distribuir material de una o m\u00e1s etapas de un proceso a la siguiente.<\/p>\t\t\t\t\t\t\t\t<\/div>\n\t\t\t\t<\/div>\n\t\t<div class=\"elementor-element elementor-element-49a71cc e-con-full e-flex e-con e-child\" data-id=\"49a71cc\" data-element_type=\"container\" data-e-type=\"container\" data-settings=\"{&quot;background_background&quot;:&quot;classic&quot;}\">\n\t\t\t\t<div class=\"elementor-element elementor-element-c0fe8f6 elementor-widget elementor-widget-text-editor\" data-id=\"c0fe8f6\" data-element_type=\"widget\" data-e-type=\"widget\" data-widget_type=\"text-editor.default\">\n\t\t\t\t\t\t\t\t\t<table width=\"623\" cellspacing=\"0\" cellpadding=\"7\"><tbody><tr valign=\"top\"><td width=\"297\"><p align=\"left\"><span style=\"font-family: Aptos, serif;\"><span style=\"font-size: medium;\">Transportadores de una sola cadena (&lt;50 m\u00b3\/h)<\/span><\/span><\/p><\/td><td width=\"297\"><p align=\"left\"><span style=\"font-family: Aptos, serif;\"><span style=\"font-size: medium;\">Transportadores de doble cadena (&gt;50 m\u00b3\/h)<\/span><\/span><\/p><\/td><\/tr><tr valign=\"top\"><td width=\"297\"><ul><li><p align=\"left\"><span style=\"font-family: Aptos, serif;\"><span style=\"font-size: medium;\">Para materiales polvorientos y secos, como harina cruda o polvo de clinker.<\/span><\/span><\/p><\/li><\/ul><\/td><td width=\"297\"><ul><li><p align=\"left\"><span style=\"font-family: Aptos, serif;\"><span style=\"font-size: medium;\">Para materiales grumosos, h\u00famedos y pegajosos, como la piedra caliza y el clinker.<\/span><\/span><\/p><\/li><\/ul><\/td><\/tr><tr valign=\"top\"><td width=\"297\"><ul><li><p align=\"left\"><span style=\"font-family: Aptos, serif;\"><span style=\"font-size: medium;\">Tama\u00f1o de part\u00edcula &lt;1 mm<\/span><\/span><\/p><\/li><\/ul><\/td><td width=\"297\"><ul><li><p align=\"left\"><span style=\"font-family: Aptos, serif;\"><span style=\"font-size: medium;\">Tama\u00f1o de part\u00edcula &gt;1 mm<\/span><\/span><\/p><\/li><\/ul><\/td><\/tr><tr valign=\"top\"><td width=\"297\"><ul><li><p align=\"left\"><span style=\"font-family: Aptos, serif;\"><span style=\"font-size: medium;\">Aplicaciones con baja tensi\u00f3n en la cadena (transportadores cortos, bajas capacidades de transporte)<\/span><\/span><\/p><\/li><\/ul><\/td><td width=\"297\"><ul><li><p align=\"left\"><span style=\"font-family: Aptos, serif;\"><span style=\"font-size: medium;\">Aplicaciones con alta tensi\u00f3n en la cadena (transportadores largos, altas capacidades de transporte)<\/span><\/span><\/p><\/li><\/ul><\/td><\/tr><\/tbody><\/table><h4 class=\"p1\">\u00a0<\/h4>\t\t\t\t\t\t\t\t<\/div>\n\t\t\t\t<\/div>\n\t\t\t\t<\/div>\n\t\t<div class=\"elementor-element elementor-element-0e45660 e-con-full e-flex e-con e-child\" data-id=\"0e45660\" data-element_type=\"container\" data-e-type=\"container\">\n\t\t<div class=\"elementor-element elementor-element-debb4f9 e-con-full e-flex e-con e-child\" data-id=\"debb4f9\" data-element_type=\"container\" data-e-type=\"container\" data-settings=\"{&quot;background_background&quot;:&quot;classic&quot;}\">\n\t\t\t\t<div class=\"elementor-element elementor-element-c8960e3 elementor-widget elementor-widget-text-editor\" data-id=\"c8960e3\" data-element_type=\"widget\" data-e-type=\"widget\" data-widget_type=\"text-editor.default\">\n\t\t\t\t\t\t\t\t\t<h4 class=\"p1\"><b>Distribuci\u00f3n de diversos tipos de materiales a granel.<\/b><\/h4><p>Los transportadores de cadena TKF se pueden utilizar cuando se requieren m\u00faltiples puntos de alimentaci\u00f3n.<span class=\"Apple-converted-space\">\u00a0\u00a0<\/span>Son ideales cuando se utiliza una cinta transportadora de cadena para llenar varios silos o para transportar un material a varios destinos.<span class=\"Apple-converted-space\">\u00a0\u00a0<\/span>Con nuestra tecnolog\u00eda, es posible fabricar transportadores reversibles.<\/p>\t\t\t\t\t\t\t\t<\/div>\n\t\t\t\t<\/div>\n\t\t<div class=\"elementor-element elementor-element-3c22f25 e-con-full e-flex e-con e-child\" data-id=\"3c22f25\" data-element_type=\"container\" data-e-type=\"container\" data-settings=\"{&quot;background_background&quot;:&quot;classic&quot;}\">\n\t\t\t\t<\/div>\n\t\t\t\t<\/div>\n\t\t<div class=\"elementor-element elementor-element-63c6f27 e-con-full e-flex e-con e-child\" data-id=\"63c6f27\" data-element_type=\"container\" data-e-type=\"container\">\n\t\t<div class=\"elementor-element elementor-element-200bfc4 e-con-full e-flex e-con e-child\" data-id=\"200bfc4\" data-element_type=\"container\" data-e-type=\"container\">\n\t\t<div class=\"elementor-element elementor-element-4103840 e-con-full e-flex e-con e-child\" data-id=\"4103840\" data-element_type=\"container\" data-e-type=\"container\" data-settings=\"{&quot;background_background&quot;:&quot;classic&quot;}\">\n\t\t\t\t<\/div>\n\t\t<div class=\"elementor-element elementor-element-1aec0af e-con-full e-flex e-con e-child\" data-id=\"1aec0af\" data-element_type=\"container\" data-e-type=\"container\" data-settings=\"{&quot;background_background&quot;:&quot;classic&quot;}\">\n\t\t\t\t<div class=\"elementor-element elementor-element-ee11cb6 elementor-widget elementor-widget-text-editor\" data-id=\"ee11cb6\" data-element_type=\"widget\" data-e-type=\"widget\" data-widget_type=\"text-editor.default\">\n\t\t\t\t\t\t\t\t\t<p>Las cintas transportadoras de cadena TKF de WTW Americas se han utilizado incluso para descargar tolvas y silos.<span class=\"Apple-converted-space\">\u00a0\u00a0<\/span>Se han utilizado en fosas para descargar camiones, cargadoras frontales y vagones de ferrocarril.<span class=\"Apple-converted-space\">\u00a0\u00a0<\/span><\/p><p>Tambi\u00e9n se han utilizado para alimentar silos y tolvas horizontales.<\/p>\t\t\t\t\t\t\t\t<\/div>\n\t\t\t\t<\/div>\n\t\t\t\t<\/div>\n\t\t\t\t<\/div>\n\t\t\t\t<\/div>\n\t\t<div class=\"elementor-element elementor-element-73d1c27 e-con-full e-flex e-con e-child\" data-id=\"73d1c27\" data-element_type=\"container\" data-e-type=\"container\">\n\t\t<div class=\"elementor-element elementor-element-3d1d9fd e-con-full e-flex e-con e-child\" data-id=\"3d1d9fd\" data-element_type=\"container\" data-e-type=\"container\">\n\t\t<div class=\"elementor-element elementor-element-0bcda08 e-con-full e-flex e-con e-child\" data-id=\"0bcda08\" data-element_type=\"container\" data-e-type=\"container\" data-settings=\"{&quot;background_background&quot;:&quot;classic&quot;}\">\n\t\t\t\t<div class=\"elementor-element elementor-element-d0c9efc elementor-widget elementor-widget-text-editor\" data-id=\"d0c9efc\" data-element_type=\"widget\" data-e-type=\"widget\" data-widget_type=\"text-editor.default\">\n\t\t\t\t\t\t\t\t\t<p class=\"p1\">Para transportar materiales de baja densidad, como combustibles alternativos, astillas de madera, aserr\u00edn, c\u00e1scara de arroz, etc., WTW suele utilizar una cadena de rodillos que permite aumentar la distancia entre centros para un transporte a prueba de polvo.<span class=\"Apple-converted-space\">\u00a0\u00a0<\/span>Gracias a las estrictas tolerancias entre la cadena y las secciones de la cubeta, nuestras cintas transportadoras de cadena pueden incluso transportar su material en vertical.<\/p><p class=\"p1\"><b>Ventajas de las cintas transportadoras de cadena TKF de WTW America<\/b><\/p><ul class=\"ul1\"><li class=\"li1\">El sistema modular de componentes est\u00e1ndar permite una disposici\u00f3n horizontal.<span class=\"Apple-converted-space\">\u00a0 <\/span>y cambios de elevaci\u00f3n en una sola carrera continua.<\/li><li class=\"li1\">Configuraci\u00f3n sencilla y r\u00e1pida.<\/li><li class=\"li1\">Ahorra espacio en el piso.<\/li><li class=\"li1\">Ahorra energ\u00eda: permite largos recorridos con un solo motor.<\/li><li class=\"li1\">Mantenimiento m\u00ednimo.<\/li><li class=\"li1\">Transporte herm\u00e9tico al polvo, herm\u00e9tico al agua y a prueba de explosiones.<\/li><li class=\"li1\">Las conexiones completamente atornilladas permiten una instalaci\u00f3n r\u00e1pida.<\/li><\/ul>\t\t\t\t\t\t\t\t<\/div>\n\t\t\t\t<\/div>\n\t\t<div class=\"elementor-element elementor-element-85c8b2b e-con-full e-flex e-con e-child\" data-id=\"85c8b2b\" data-element_type=\"container\" data-e-type=\"container\" data-settings=\"{&quot;background_background&quot;:&quot;classic&quot;}\">\n\t\t\t\t<\/div>\n\t\t\t\t<\/div>\n\t\t\t\t<div class=\"elementor-element elementor-element-4690ce2 elementor-widget elementor-widget-image\" data-id=\"4690ce2\" data-element_type=\"widget\" data-e-type=\"widget\" data-widget_type=\"image.default\">\n\t\t\t\t\t\t\t\t\t\t\t\t\t\t\t<img fetchpriority=\"high\" decoding=\"async\" width=\"475\" height=\"635\" src=\"https:\/\/wtwamericas.com\/wp-content\/uploads\/2024\/11\/12.jpg\" class=\"attachment-large size-large wp-image-5202\" alt=\"\" srcset=\"https:\/\/wtwamericas.com\/wp-content\/uploads\/2024\/11\/12.jpg 475w, https:\/\/wtwamericas.com\/wp-content\/uploads\/2024\/11\/12-224x300.jpg 224w\" sizes=\"(max-width: 475px) 100vw, 475px\" \/>\t\t\t\t\t\t\t\t\t\t\t\t\t\t\t<\/div>\n\t\t<div class=\"elementor-element elementor-element-e894564 e-con-full e-grid e-con e-child\" data-id=\"e894564\" data-element_type=\"container\" data-e-type=\"container\">\n\t\t\t\t<div class=\"elementor-element elementor-element-104096a elementor-widget elementor-widget-image\" data-id=\"104096a\" data-element_type=\"widget\" data-e-type=\"widget\" data-widget_type=\"image.default\">\n\t\t\t\t\t\t\t\t\t\t\t\t\t\t\t<img decoding=\"async\" width=\"800\" height=\"600\" data-src=\"https:\/\/wtwamericas.com\/wp-content\/uploads\/2025\/06\/DSC02674-1024x768.jpg\" class=\"attachment-large size-large wp-image-11992 lazyload\" alt=\"\" data-srcset=\"https:\/\/wtwamericas.com\/wp-content\/uploads\/2025\/06\/DSC02674-1024x768.jpg 1024w, https:\/\/wtwamericas.com\/wp-content\/uploads\/2025\/06\/DSC02674-300x225.jpg 300w, https:\/\/wtwamericas.com\/wp-content\/uploads\/2025\/06\/DSC02674-768x576.jpg 768w, https:\/\/wtwamericas.com\/wp-content\/uploads\/2025\/06\/DSC02674-1536x1152.jpg 1536w, https:\/\/wtwamericas.com\/wp-content\/uploads\/2025\/06\/DSC02674.jpg 1600w\" data-sizes=\"(max-width: 800px) 100vw, 800px\" src=\"data:image\/svg+xml;base64,PHN2ZyB3aWR0aD0iMSIgaGVpZ2h0PSIxIiB4bWxucz0iaHR0cDovL3d3dy53My5vcmcvMjAwMC9zdmciPjwvc3ZnPg==\" style=\"--smush-placeholder-width: 800px; --smush-placeholder-aspect-ratio: 800\/600;\" \/>\t\t\t\t\t\t\t\t\t\t\t\t\t\t\t<\/div>\n\t\t\t\t<div class=\"elementor-element elementor-element-2838609 elementor-widget elementor-widget-image\" data-id=\"2838609\" data-element_type=\"widget\" data-e-type=\"widget\" data-widget_type=\"image.default\">\n\t\t\t\t\t\t\t\t\t\t\t\t\t\t\t<img decoding=\"async\" width=\"800\" height=\"600\" data-src=\"https:\/\/wtwamericas.com\/wp-content\/uploads\/2025\/06\/Trogkettenfoerderern-gecos-bmh.jpg\" class=\"attachment-large size-large wp-image-11993 lazyload\" alt=\"\" data-srcset=\"https:\/\/wtwamericas.com\/wp-content\/uploads\/2025\/06\/Trogkettenfoerderern-gecos-bmh.jpg 933w, https:\/\/wtwamericas.com\/wp-content\/uploads\/2025\/06\/Trogkettenfoerderern-gecos-bmh-300x225.jpg 300w, https:\/\/wtwamericas.com\/wp-content\/uploads\/2025\/06\/Trogkettenfoerderern-gecos-bmh-768x576.jpg 768w\" data-sizes=\"(max-width: 800px) 100vw, 800px\" src=\"data:image\/svg+xml;base64,PHN2ZyB3aWR0aD0iMSIgaGVpZ2h0PSIxIiB4bWxucz0iaHR0cDovL3d3dy53My5vcmcvMjAwMC9zdmciPjwvc3ZnPg==\" style=\"--smush-placeholder-width: 800px; --smush-placeholder-aspect-ratio: 800\/600;\" \/>\t\t\t\t\t\t\t\t\t\t\t\t\t\t\t<\/div>\n\t\t\t\t<div class=\"elementor-element elementor-element-a15e999 elementor-widget elementor-widget-image\" data-id=\"a15e999\" data-element_type=\"widget\" data-e-type=\"widget\" data-widget_type=\"image.default\">\n\t\t\t\t\t\t\t\t\t\t\t\t\t\t\t<img decoding=\"async\" width=\"800\" height=\"600\" data-src=\"https:\/\/wtwamericas.com\/wp-content\/uploads\/2025\/06\/DSC02673-1024x768.jpg\" class=\"attachment-large size-large wp-image-11994 lazyload\" alt=\"\" data-srcset=\"https:\/\/wtwamericas.com\/wp-content\/uploads\/2025\/06\/DSC02673-1024x768.jpg 1024w, https:\/\/wtwamericas.com\/wp-content\/uploads\/2025\/06\/DSC02673-300x225.jpg 300w, https:\/\/wtwamericas.com\/wp-content\/uploads\/2025\/06\/DSC02673-768x576.jpg 768w, https:\/\/wtwamericas.com\/wp-content\/uploads\/2025\/06\/DSC02673-1536x1152.jpg 1536w, https:\/\/wtwamericas.com\/wp-content\/uploads\/2025\/06\/DSC02673.jpg 1600w\" data-sizes=\"(max-width: 800px) 100vw, 800px\" src=\"data:image\/svg+xml;base64,PHN2ZyB3aWR0aD0iMSIgaGVpZ2h0PSIxIiB4bWxucz0iaHR0cDovL3d3dy53My5vcmcvMjAwMC9zdmciPjwvc3ZnPg==\" style=\"--smush-placeholder-width: 800px; --smush-placeholder-aspect-ratio: 800\/600;\" \/>\t\t\t\t\t\t\t\t\t\t\t\t\t\t\t<\/div>\n\t\t\t\t<div class=\"elementor-element elementor-element-c50f225 elementor-widget elementor-widget-image\" data-id=\"c50f225\" data-element_type=\"widget\" data-e-type=\"widget\" data-widget_type=\"image.default\">\n\t\t\t\t\t\t\t\t\t\t\t\t\t\t\t<img decoding=\"async\" width=\"800\" height=\"600\" data-src=\"https:\/\/wtwamericas.com\/wp-content\/uploads\/2025\/06\/IMG_1860-1024x768.jpg\" class=\"attachment-large size-large wp-image-11995 lazyload\" alt=\"\" data-srcset=\"https:\/\/wtwamericas.com\/wp-content\/uploads\/2025\/06\/IMG_1860-1024x768.jpg 1024w, https:\/\/wtwamericas.com\/wp-content\/uploads\/2025\/06\/IMG_1860-300x225.jpg 300w, https:\/\/wtwamericas.com\/wp-content\/uploads\/2025\/06\/IMG_1860-768x576.jpg 768w, https:\/\/wtwamericas.com\/wp-content\/uploads\/2025\/06\/IMG_1860-1536x1152.jpg 1536w, https:\/\/wtwamericas.com\/wp-content\/uploads\/2025\/06\/IMG_1860-2048x1536.jpg 2048w\" data-sizes=\"(max-width: 800px) 100vw, 800px\" src=\"data:image\/svg+xml;base64,PHN2ZyB3aWR0aD0iMSIgaGVpZ2h0PSIxIiB4bWxucz0iaHR0cDovL3d3dy53My5vcmcvMjAwMC9zdmciPjwvc3ZnPg==\" style=\"--smush-placeholder-width: 800px; --smush-placeholder-aspect-ratio: 800\/600;\" \/>\t\t\t\t\t\t\t\t\t\t\t\t\t\t\t<\/div>\n\t\t\t\t<\/div>\n\t\t\t\t<div class=\"elementor-element elementor-element-8dd9249 elementor-widget elementor-widget-text-editor\" data-id=\"8dd9249\" data-element_type=\"widget\" data-e-type=\"widget\" data-widget_type=\"text-editor.default\">\n\t\t\t\t\t\t\t\t\t<h3>M\u00e1s informaci\u00f3n<\/h3><p>Para obtener m\u00e1s informaci\u00f3n sobre los transportadores de cadena TKF de WTW Americas, env\u00ede un correo electr\u00f3nico a <a style=\"color: #5c9445;\" href=\"mailto:info@wtwamericas.com\">info@wtwamericas.com<\/a> o llame al <a style=\"color: #5c9445;\" href=\"http:\/\/tel:+1705-749-3544\">+1705-749-3544<\/a>.<\/p>\t\t\t\t\t\t\t\t<\/div>\n\t\t\t\t<\/div>\n\t\t\t\t<\/div>\n\t\t\t\t\t<\/div>\n\t\t\t\t<\/div>\n\t\t<div class=\"elementor-element elementor-element-28ee723 e-flex e-con-boxed e-con e-parent\" data-id=\"28ee723\" data-element_type=\"container\" data-e-type=\"container\">\n\t\t\t\t\t<div class=\"e-con-inner\">\n\t\t<div class=\"elementor-element elementor-element-a64f354 e-con-full e-flex e-con e-child\" data-id=\"a64f354\" data-element_type=\"container\" data-e-type=\"container\">\n\t\t\t\t<div class=\"elementor-element elementor-element-d88093e elementor-align-center elementor-widget elementor-widget-button\" data-id=\"d88093e\" data-element_type=\"widget\" data-e-type=\"widget\" data-widget_type=\"button.default\">\n\t\t\t\t\t\t\t\t\t\t<a class=\"elementor-button elementor-button-link elementor-size-sm\" href=\"https:\/\/wtwamericas.com\/wp-content\/uploads\/2026\/03\/WTW-TKF-CC-PDF.pdf\" rel=\"nofollow\">\n\t\t\t\t\t\t<span class=\"elementor-button-content-wrapper\">\n\t\t\t\t\t\t\t\t\t<span class=\"elementor-button-text\">Ver el folleto del transportador de cadena TKF<\/span>\n\t\t\t\t\t<\/span>\n\t\t\t\t\t<\/a>\n\t\t\t\t\t\t\t\t<\/div>\n\t\t\t\t<\/div>\n\t\t\t\t\t<\/div>\n\t\t\t\t<\/div>\n\t\t\t\t<\/div>","protected":false},"excerpt":{"rendered":"<p>Durable TKF Chain Conveyor Solutions Dust-Tight Conveying, Discharging, Feeding, and Distribution WTW America\u2019s TKF Chain Conveyors can be configured in a variety of widths and lengths. They can be used to distribute, discharge, and transport material in nearly every direction and orientation. They are frequently employed to move materials that would not normally convey on [&hellip;]<\/p>\n","protected":false},"author":3,"featured_media":0,"parent":0,"menu_order":0,"comment_status":"closed","ping_status":"closed","template":"","meta":{"footnotes":""},"class_list":["post-5500","page","type-page","status-publish","hentry"],"aioseo_notices":[],"_links":{"self":[{"href":"https:\/\/wtwamericas.com\/es\/wp-json\/wp\/v2\/pages\/5500","targetHints":{"allow":["GET"]}}],"collection":[{"href":"https:\/\/wtwamericas.com\/es\/wp-json\/wp\/v2\/pages"}],"about":[{"href":"https:\/\/wtwamericas.com\/es\/wp-json\/wp\/v2\/types\/page"}],"author":[{"embeddable":true,"href":"https:\/\/wtwamericas.com\/es\/wp-json\/wp\/v2\/users\/3"}],"replies":[{"embeddable":true,"href":"https:\/\/wtwamericas.com\/es\/wp-json\/wp\/v2\/comments?post=5500"}],"version-history":[{"count":0,"href":"https:\/\/wtwamericas.com\/es\/wp-json\/wp\/v2\/pages\/5500\/revisions"}],"wp:attachment":[{"href":"https:\/\/wtwamericas.com\/es\/wp-json\/wp\/v2\/media?parent=5500"}],"curies":[{"name":"wp","href":"https:\/\/api.w.org\/{rel}","templated":true}]}}