{"id":5508,"date":"2024-11-21T16:27:20","date_gmt":"2024-11-21T16:27:20","guid":{"rendered":"https:\/\/wtwamericas.com\/?page_id=5508"},"modified":"2025-05-05T17:50:46","modified_gmt":"2025-05-05T17:50:46","slug":"maquina-de-descarga-rotativa","status":"publish","type":"page","link":"https:\/\/wtwamericas.com\/es\/rotary-discharge-machine\/","title":{"rendered":"M\u00e1quina de descarga rotativa"},"content":{"rendered":"<div data-elementor-type=\"wp-page\" data-elementor-id=\"5508\" class=\"elementor elementor-5508\">\n\t\t\t\t<div class=\"elementor-element elementor-element-2ad1ba5a e-con-full e-flex e-con e-parent\" data-id=\"2ad1ba5a\" data-element_type=\"container\" data-e-type=\"container\" data-settings=\"{&quot;background_background&quot;:&quot;classic&quot;}\">\n\t\t<div class=\"elementor-element elementor-element-500f33d4 e-con-full e-flex e-con e-child\" data-id=\"500f33d4\" data-element_type=\"container\" data-e-type=\"container\">\n\t\t\t\t<div class=\"elementor-element elementor-element-32933fdf elementor-widget elementor-widget-heading\" data-id=\"32933fdf\" data-element_type=\"widget\" data-e-type=\"widget\" data-widget_type=\"heading.default\">\n\t\t\t\t\t<h1 class=\"elementor-heading-title elementor-size-default\">M\u00e1quinas de descarga rotativa eficientes<\/h1>\t\t\t\t<\/div>\n\t\t\t\t<\/div>\n\t\t\t\t<\/div>\n\t\t<div class=\"elementor-element elementor-element-13daa815 e-flex e-con-boxed e-con e-parent\" data-id=\"13daa815\" data-element_type=\"container\" data-e-type=\"container\">\n\t\t\t\t\t<div class=\"e-con-inner\">\n\t\t<div class=\"elementor-element elementor-element-12a93db9 e-con-full e-flex e-con e-child\" data-id=\"12a93db9\" data-element_type=\"container\" data-e-type=\"container\">\n\t\t<div class=\"elementor-element elementor-element-4d749a36 e-con-full e-flex e-con e-child\" data-id=\"4d749a36\" data-element_type=\"container\" data-e-type=\"container\" data-settings=\"{&quot;background_background&quot;:&quot;classic&quot;}\">\n\t\t\t\t<\/div>\n\t\t<div class=\"elementor-element elementor-element-8aed3bb e-con-full e-flex e-con e-child\" data-id=\"8aed3bb\" data-element_type=\"container\" data-e-type=\"container\" data-settings=\"{&quot;background_background&quot;:&quot;classic&quot;}\">\n\t\t\t\t<div class=\"elementor-element elementor-element-35cc7741 elementor-widget elementor-widget-text-editor\" data-id=\"35cc7741\" data-element_type=\"widget\" data-e-type=\"widget\" data-widget_type=\"text-editor.default\">\n\t\t\t\t\t\t\t\t\t<h3>Descarga, distribuci\u00f3n, recuperaci\u00f3n y almacenamiento de materiales a granel.<\/h3><p>Los descargadores de silos se emplean para materiales que tienen caracter\u00edsticas de flujo tan deficientes que la gravedad por s\u00ed sola no es suficiente para permitir que fluyan desde un silo, tolva o tanque. Esta soluci\u00f3n de equipo evita los problemas t\u00edpicos de descarga, como el pegado, la formaci\u00f3n de puentes y la formaci\u00f3n de cavidades.<\/p>\t\t\t\t\t\t\t\t<\/div>\n\t\t\t\t<\/div>\n\t\t\t\t<\/div>\n\t\t<div class=\"elementor-element elementor-element-4ff21a07 e-con-full e-flex e-con e-child\" data-id=\"4ff21a07\" data-element_type=\"container\" data-e-type=\"container\">\n\t\t<div class=\"elementor-element elementor-element-5942ed10 e-con-full e-flex e-con e-child\" data-id=\"5942ed10\" data-element_type=\"container\" data-e-type=\"container\" data-settings=\"{&quot;background_background&quot;:&quot;classic&quot;}\">\n\t\t\t\t<div class=\"elementor-element elementor-element-29987606 elementor-widget elementor-widget-text-editor\" data-id=\"29987606\" data-element_type=\"widget\" data-e-type=\"widget\" data-widget_type=\"text-editor.default\">\n\t\t\t\t\t\t\t\t\t<h3>Acerca de la m\u00e1quina de descarga rotativa<\/h3><p>Nuestro descargador rotatorio es el sistema de descarga m\u00e1s grande de WTW, con una capacidad de almacenamiento de material de hasta 5000 m\u00b3.<sup>3\u00a0<\/sup>y di\u00e1metros de silo de cinco (5) metros a doce (12) metros.<\/p><p>Es la m\u00e1s eficaz para obtener un flujo de masa total de materiales. La m\u00e1quina de descarga rotativa se utiliza ampliamente en los sectores de la energ\u00eda, el cemento, los paneles de yeso, la miner\u00eda, el procesamiento de minerales, la gesti\u00f3n de residuos y otras industrias en las que se requieren materiales que no fluyen libremente y grandes instalaciones de almacenamiento \u00fanicas.<\/p><p>La unidad completa de la m\u00e1quina de descarga rotativa se encuentra dentro del cono interno de un silo, con tres brazos fijados a la pared interna del silo. La rueda de descarga y su accionamiento est\u00e1n montados sobre una plataforma giratoria. La rueda de descarga mueve el material a granel bajo el cono interno, llev\u00e1ndolo hacia la tolva de descarga central.<\/p><p>La soluci\u00f3n de descarga de silos grandes de WTW Americas ha sido dise\u00f1ada con nuestra ingenier\u00eda alemana caracter\u00edstica y se ha sometido a rigurosas pruebas para garantizar su \u00e9xito una vez instalada en el campo.<\/p><p><b>Beneficios para usted<\/b><\/p><ul><li><p>Optimiza el espacio de almacenamiento.<\/p><\/li><li><p>Proporciona una descarga constante y confiable de su material.<\/p><\/li><li><p>Flujo m\u00e1sico continuo<\/p><\/li><li><p>Su dise\u00f1o resistente minimiza el tiempo de inactividad y el mantenimiento.<\/p><\/li><\/ul>\t\t\t\t\t\t\t\t<\/div>\n\t\t\t\t<\/div>\n\t\t<div class=\"elementor-element elementor-element-154fd876 e-con-full e-flex e-con e-child\" data-id=\"154fd876\" data-element_type=\"container\" data-e-type=\"container\" data-settings=\"{&quot;background_background&quot;:&quot;classic&quot;}\">\n\t\t\t\t<\/div>\n\t\t\t\t<\/div>\n\t\t\t\t\t<\/div>\n\t\t\t\t<\/div>\n\t\t<div class=\"elementor-element elementor-element-6ff9f391 e-flex e-con-boxed e-con e-parent\" data-id=\"6ff9f391\" data-element_type=\"container\" data-e-type=\"container\">\n\t\t\t\t\t<div class=\"e-con-inner\">\n\t\t\t\t<div class=\"elementor-element elementor-element-29dcb005 elementor-widget elementor-widget-text-editor\" data-id=\"29dcb005\" data-element_type=\"widget\" data-e-type=\"widget\" data-widget_type=\"text-editor.default\">\n\t\t\t\t\t\t\t\t\t<h3>M\u00e1s informaci\u00f3n<\/h3><p>Para obtener m\u00e1s informaci\u00f3n sobre los equipos y la experiencia de WTW Americas en m\u00e1quinas de descarga rotativa, env\u00ede un correo electr\u00f3nico a <a style=\"color: #5c9445;\" href=\"mailto:info@wtwamericas.com\">info@wtwamericas.com<\/a> o llame al <a style=\"color: #5c9445;\" href=\"http:\/\/tel:+1705-749-3544\">+1705-749-3544<\/a>.<\/p>\t\t\t\t\t\t\t\t<\/div>\n\t\t\t\t\t<\/div>\n\t\t\t\t<\/div>\n\t\t\t\t<\/div>","protected":false},"excerpt":{"rendered":"<p>Efficient Rotary Discharge Machines Discharge, Distribution, Reclamation and Storage of Bulk Materials Silo dischargers are employed for materials that have such poor flow characteristics that gravity alone is not sufficient to allow them to flow from a silo, hopper, or tank. This equipment solution prevents typical discharging problems, such as sticking, bridging, and ratholing. About [&hellip;]<\/p>\n","protected":false},"author":3,"featured_media":0,"parent":0,"menu_order":0,"comment_status":"closed","ping_status":"closed","template":"","meta":{"footnotes":""},"class_list":["post-5508","page","type-page","status-publish","hentry"],"aioseo_notices":[],"_links":{"self":[{"href":"https:\/\/wtwamericas.com\/es\/wp-json\/wp\/v2\/pages\/5508","targetHints":{"allow":["GET"]}}],"collection":[{"href":"https:\/\/wtwamericas.com\/es\/wp-json\/wp\/v2\/pages"}],"about":[{"href":"https:\/\/wtwamericas.com\/es\/wp-json\/wp\/v2\/types\/page"}],"author":[{"embeddable":true,"href":"https:\/\/wtwamericas.com\/es\/wp-json\/wp\/v2\/users\/3"}],"replies":[{"embeddable":true,"href":"https:\/\/wtwamericas.com\/es\/wp-json\/wp\/v2\/comments?post=5508"}],"version-history":[{"count":0,"href":"https:\/\/wtwamericas.com\/es\/wp-json\/wp\/v2\/pages\/5508\/revisions"}],"wp:attachment":[{"href":"https:\/\/wtwamericas.com\/es\/wp-json\/wp\/v2\/media?parent=5508"}],"curies":[{"name":"wp","href":"https:\/\/api.w.org\/{rel}","templated":true}]}}