{"id":5516,"date":"2024-11-21T16:31:56","date_gmt":"2024-11-21T16:31:56","guid":{"rendered":"https:\/\/wtwamericas.com\/?page_id=5516"},"modified":"2026-03-16T15:22:08","modified_gmt":"2026-03-16T15:22:08","slug":"sinfin-de-barrido","status":"publish","type":"page","link":"https:\/\/wtwamericas.com\/es\/sweeping-auger\/","title":{"rendered":"Sinf\u00edn de barrido"},"content":{"rendered":"<div data-elementor-type=\"wp-page\" data-elementor-id=\"5516\" class=\"elementor elementor-5516\">\n\t\t\t\t<div class=\"elementor-element elementor-element-5d52a258 e-con-full e-flex e-con e-parent\" data-id=\"5d52a258\" data-element_type=\"container\" data-e-type=\"container\" data-settings=\"{&quot;background_background&quot;:&quot;classic&quot;}\">\n\t\t<div class=\"elementor-element elementor-element-6a53e5dc e-con-full e-flex e-con e-child\" data-id=\"6a53e5dc\" data-element_type=\"container\" data-e-type=\"container\">\n\t\t\t\t<div class=\"elementor-element elementor-element-6bbb6e7b elementor-widget elementor-widget-heading\" data-id=\"6bbb6e7b\" data-element_type=\"widget\" data-e-type=\"widget\" data-widget_type=\"heading.default\">\n\t\t\t\t\t<h1 class=\"elementor-heading-title elementor-size-default\">Sinfines barredores de alto rendimiento<\/h1>\t\t\t\t<\/div>\n\t\t\t\t<\/div>\n\t\t\t\t<\/div>\n\t\t<div class=\"elementor-element elementor-element-242cad50 e-flex e-con-boxed e-con e-parent\" data-id=\"242cad50\" data-element_type=\"container\" data-e-type=\"container\">\n\t\t\t\t\t<div class=\"e-con-inner\">\n\t\t<div class=\"elementor-element elementor-element-8704f14 e-con-full e-flex e-con e-child\" data-id=\"8704f14\" data-element_type=\"container\" data-e-type=\"container\">\n\t\t<div class=\"elementor-element elementor-element-1c2a8ca0 e-con-full e-flex e-con e-child\" data-id=\"1c2a8ca0\" data-element_type=\"container\" data-e-type=\"container\" data-settings=\"{&quot;background_background&quot;:&quot;classic&quot;}\">\n\t\t\t\t<\/div>\n\t\t<div class=\"elementor-element elementor-element-42f7e204 e-con-full e-flex e-con e-child\" data-id=\"42f7e204\" data-element_type=\"container\" data-e-type=\"container\" data-settings=\"{&quot;background_background&quot;:&quot;classic&quot;}\">\n\t\t\t\t<div class=\"elementor-element elementor-element-ee2d7be elementor-widget elementor-widget-text-editor\" data-id=\"ee2d7be\" data-element_type=\"widget\" data-e-type=\"widget\" data-widget_type=\"text-editor.default\">\n\t\t\t\t\t\t\t\t\t<h3>\u00bfQu\u00e9 es una barrena de barrido?<\/h3><p>Los sinfines de barrido se utilizan para almacenar materiales de baja densidad, como RDF, pelusa, combustibles alternativos, astillas de madera, residuos de madera y granos. Tambi\u00e9n se utilizan para almacenar materiales pegajosos que no fluyen libremente y que requieren silos de gran tama\u00f1o. Las caracter\u00edsticas t\u00e9cnicas de los sinfines de barrido var\u00edan mucho, por lo que es importante tener en cuenta que el sinf\u00edn se monta en el centro del silo y que su longitud es igual al radio del silo.<\/p>\t\t\t\t\t\t\t\t<\/div>\n\t\t\t\t<\/div>\n\t\t\t\t<\/div>\n\t\t<div class=\"elementor-element elementor-element-4f3aee0f e-con-full e-flex e-con e-child\" data-id=\"4f3aee0f\" data-element_type=\"container\" data-e-type=\"container\">\n\t\t<div class=\"elementor-element elementor-element-5fdc7237 e-con-full e-flex e-con e-child\" data-id=\"5fdc7237\" data-element_type=\"container\" data-e-type=\"container\" data-settings=\"{&quot;background_background&quot;:&quot;classic&quot;}\">\n\t\t\t\t<div class=\"elementor-element elementor-element-44d42e6 elementor-widget elementor-widget-text-editor\" data-id=\"44d42e6\" data-element_type=\"widget\" data-e-type=\"widget\" data-widget_type=\"text-editor.default\">\n\t\t\t\t\t\t\t\t\t<h4><b>Acerca de la barrena barredora WTW Americas<\/b><\/h4><p><span style=\"color: var( --e-global-color-text ); font-family: var( --e-global-typography-text-font-family ), Sans-serif; font-weight: var( --e-global-typography-text-font-weight ); text-align: var(--text-align); font-size: 1rem;\">El tornillo perfilado giratorio gira y da vueltas 360 grados.<\/span><b style=\"color: var( --e-global-color-text ); font-family: var( --e-global-typography-text-font-family ), Sans-serif; text-align: var(--text-align); font-size: 1rem;\">\u00b0<\/b><span style=\"color: var( --e-global-color-text ); font-family: var( --e-global-typography-text-font-family ), Sans-serif; font-weight: var( --e-global-typography-text-font-weight ); text-align: var(--text-align); font-size: 1rem;\"> alrededor de la parte inferior del silo, recuperando el material a granel almacenado de manera uniforme a lo largo de su funcionamiento. Gira alrededor de la abertura de descarga para atraer el material hacia la abertura central. Esto proporciona un vaciado uniforme del silo en funci\u00f3n del flujo de masa.<\/span><\/p><p>Estos descargadores de tornillo han sido dise\u00f1ados para descargar silos grandes con un di\u00e1metro de entre 4,0 y 20,0 m.<\/p><p>Al adoptar la tecnolog\u00eda del concreto ecol\u00f3gico, las empresas han comenzado a dar prioridad al uso de materiales reciclados, a reducir el consumo de agua y a implementar procesos de fabricaci\u00f3n eficientes desde el punto de vista energ\u00e9tico. Adem\u00e1s, el desarrollo del concreto inteligente, dotado de propiedades que detectan los cambios estructurales, es una innovaci\u00f3n notable que est\u00e1 transformando el panorama de la construcci\u00f3n. Con la llegada de los materiales autorreparables, las estructuras ahora pueden reparar de forma aut\u00f3noma las grietas, lo que prolonga significativamente su vida \u00fatil y reduce los gastos de mantenimiento.<\/p>\t\t\t\t\t\t\t\t<\/div>\n\t\t\t\t<\/div>\n\t\t<div class=\"elementor-element elementor-element-68bef762 e-con-full e-flex e-con e-child\" data-id=\"68bef762\" data-element_type=\"container\" data-e-type=\"container\" data-settings=\"{&quot;background_background&quot;:&quot;classic&quot;}\">\n\t\t\t\t<\/div>\n\t\t\t\t<\/div>\n\t\t\t\t\t<\/div>\n\t\t\t\t<\/div>\n\t\t<div class=\"elementor-element elementor-element-227da4a1 e-flex e-con-boxed e-con e-parent\" data-id=\"227da4a1\" data-element_type=\"container\" data-e-type=\"container\">\n\t\t\t\t\t<div class=\"e-con-inner\">\n\t\t<div class=\"elementor-element elementor-element-159bd655 e-con-full e-flex e-con e-child\" data-id=\"159bd655\" data-element_type=\"container\" data-e-type=\"container\">\n\t\t<div class=\"elementor-element elementor-element-6953ea0c e-con-full e-flex e-con e-child\" data-id=\"6953ea0c\" data-element_type=\"container\" data-e-type=\"container\" data-settings=\"{&quot;background_background&quot;:&quot;classic&quot;}\">\n\t\t\t\t<\/div>\n\t\t<div class=\"elementor-element elementor-element-2f561e47 e-con-full e-flex e-con e-child\" data-id=\"2f561e47\" data-element_type=\"container\" data-e-type=\"container\" data-settings=\"{&quot;background_background&quot;:&quot;classic&quot;}\">\n\t\t\t\t<div class=\"elementor-element elementor-element-22871dd7 elementor-widget elementor-widget-text-editor\" data-id=\"22871dd7\" data-element_type=\"widget\" data-e-type=\"widget\" data-widget_type=\"text-editor.default\">\n\t\t\t\t\t\t\t\t\t<p><b>Beneficios para usted<\/b><\/p><ul><li>Se adapta a los silos existentes sin modificaciones significativas.<\/li><li>Recubierto y reforzado para protegerlo del peso del material del silo completamente cargado.<\/li><li>Se puede acceder a los componentes de accionamiento desde el exterior del silo, incluso cuando este est\u00e1 lleno.<\/li><\/ul>\t\t\t\t\t\t\t\t<\/div>\n\t\t\t\t<\/div>\n\t\t\t\t<\/div>\n\t\t\t\t\t<\/div>\n\t\t\t\t<\/div>\n\t\t<div class=\"elementor-element elementor-element-68dc549a e-flex e-con-boxed e-con e-parent\" data-id=\"68dc549a\" data-element_type=\"container\" data-e-type=\"container\">\n\t\t\t\t\t<div class=\"e-con-inner\">\n\t\t\t\t<div class=\"elementor-element elementor-element-4e500a17 elementor-widget elementor-widget-text-editor\" data-id=\"4e500a17\" data-element_type=\"widget\" data-e-type=\"widget\" data-widget_type=\"text-editor.default\">\n\t\t\t\t\t\t\t\t\t<h3>M\u00e1s informaci\u00f3n<\/h3><p>Para obtener m\u00e1s informaci\u00f3n sobre los equipos y la experiencia de WTW Americas en el campo de las barridas helicoidales, env\u00ede un correo electr\u00f3nico a <a style=\"color: #5c9445;\" href=\"mailto:info@wtwamericas.com\">info@wtwamericas.com<\/a> o llame al <a style=\"color: #5c9445;\" href=\"http:\/\/tel:+1705-749-3544\">+1705-749-3544<\/a>.<\/p>\t\t\t\t\t\t\t\t<\/div>\n\t\t\t\t\t<\/div>\n\t\t\t\t<\/div>\n\t\t<div class=\"elementor-element elementor-element-a1a19ca e-flex e-con-boxed e-con e-parent\" data-id=\"a1a19ca\" data-element_type=\"container\" data-e-type=\"container\">\n\t\t\t\t\t<div class=\"e-con-inner\">\n\t\t\t\t<div class=\"elementor-element elementor-element-ec04dea elementor-align-center elementor-widget elementor-widget-button\" data-id=\"ec04dea\" data-element_type=\"widget\" data-e-type=\"widget\" data-widget_type=\"button.default\">\n\t\t\t\t\t\t\t\t\t\t<a class=\"elementor-button elementor-button-link elementor-size-sm\" href=\"https:\/\/wtwamericas.com\/wp-content\/uploads\/2026\/03\/WTW-Sweeping-Auger-PDF.pdf\">\n\t\t\t\t\t\t<span class=\"elementor-button-content-wrapper\">\n\t\t\t\t\t\t\t\t\t<span class=\"elementor-button-text\">Ver el folleto sobre barrenas de barrido<\/span>\n\t\t\t\t\t<\/span>\n\t\t\t\t\t<\/a>\n\t\t\t\t\t\t\t\t<\/div>\n\t\t\t\t\t<\/div>\n\t\t\t\t<\/div>\n\t\t\t\t<\/div>","protected":false},"excerpt":{"rendered":"<p>High-Performance Sweeping Augers What is a Sweeping Auger? A sweeping auger finds application where light density materials are stored, such as RDF, Fluff, Alternative Fuel, Wood Chips, Wood Waste, and Grains. As well, where sticky non-free-flowing materials requiring storage in large silos. The technical characteristics of the sweeping augers vary widely, it is important to [&hellip;]<\/p>\n","protected":false},"author":3,"featured_media":0,"parent":0,"menu_order":0,"comment_status":"closed","ping_status":"closed","template":"","meta":{"footnotes":""},"class_list":["post-5516","page","type-page","status-publish","hentry"],"aioseo_notices":[],"_links":{"self":[{"href":"https:\/\/wtwamericas.com\/es\/wp-json\/wp\/v2\/pages\/5516","targetHints":{"allow":["GET"]}}],"collection":[{"href":"https:\/\/wtwamericas.com\/es\/wp-json\/wp\/v2\/pages"}],"about":[{"href":"https:\/\/wtwamericas.com\/es\/wp-json\/wp\/v2\/types\/page"}],"author":[{"embeddable":true,"href":"https:\/\/wtwamericas.com\/es\/wp-json\/wp\/v2\/users\/3"}],"replies":[{"embeddable":true,"href":"https:\/\/wtwamericas.com\/es\/wp-json\/wp\/v2\/comments?post=5516"}],"version-history":[{"count":0,"href":"https:\/\/wtwamericas.com\/es\/wp-json\/wp\/v2\/pages\/5516\/revisions"}],"wp:attachment":[{"href":"https:\/\/wtwamericas.com\/es\/wp-json\/wp\/v2\/media?parent=5516"}],"curies":[{"name":"wp","href":"https:\/\/api.w.org\/{rel}","templated":true}]}}