{"id":5523,"date":"2024-11-21T16:34:38","date_gmt":"2024-11-21T16:34:38","guid":{"rendered":"https:\/\/wtwamericas.com\/?page_id=5523"},"modified":"2026-03-16T18:36:14","modified_gmt":"2026-03-16T18:36:14","slug":"estacion-de-acoplamiento-para-remolques","status":"publish","type":"page","link":"https:\/\/wtwamericas.com\/es\/trailer-docking-station\/","title":{"rendered":"Estaci\u00f3n de acoplamiento para remolques"},"content":{"rendered":"<div data-elementor-type=\"wp-page\" data-elementor-id=\"5523\" class=\"elementor elementor-5523\">\n\t\t\t\t<div class=\"elementor-element elementor-element-450e96ca e-con-full e-flex e-con e-parent\" data-id=\"450e96ca\" data-element_type=\"container\" data-e-type=\"container\" data-settings=\"{&quot;background_background&quot;:&quot;classic&quot;}\">\n\t\t<div class=\"elementor-element elementor-element-7906cc e-con-full e-flex e-con e-child\" data-id=\"7906cc\" data-element_type=\"container\" data-e-type=\"container\">\n\t\t\t\t<div class=\"elementor-element elementor-element-5af15922 elementor-widget elementor-widget-heading\" data-id=\"5af15922\" data-element_type=\"widget\" data-e-type=\"widget\" data-widget_type=\"heading.default\">\n\t\t\t\t\t<h1 class=\"elementor-heading-title elementor-size-default\">Soluciones eficientes para estaciones de acoplamiento de remolques<\/h1>\t\t\t\t<\/div>\n\t\t\t\t<\/div>\n\t\t\t\t<\/div>\n\t\t<div class=\"elementor-element elementor-element-5a9f541e e-flex e-con-boxed e-con e-parent\" data-id=\"5a9f541e\" data-element_type=\"container\" data-e-type=\"container\">\n\t\t\t\t\t<div class=\"e-con-inner\">\n\t\t<div class=\"elementor-element elementor-element-291a17f9 e-con-full e-flex e-con e-child\" data-id=\"291a17f9\" data-element_type=\"container\" data-e-type=\"container\">\n\t\t<div class=\"elementor-element elementor-element-6f60cdf5 e-con-full e-flex e-con e-child\" data-id=\"6f60cdf5\" data-element_type=\"container\" data-e-type=\"container\" data-settings=\"{&quot;background_background&quot;:&quot;classic&quot;}\">\n\t\t\t\t<\/div>\n\t\t<div class=\"elementor-element elementor-element-47f35bfe e-con-full e-flex e-con e-child\" data-id=\"47f35bfe\" data-element_type=\"container\" data-e-type=\"container\" data-settings=\"{&quot;background_background&quot;:&quot;classic&quot;}\">\n\t\t\t\t<div class=\"elementor-element elementor-element-1ddae06 elementor-widget elementor-widget-text-editor\" data-id=\"1ddae06\" data-element_type=\"widget\" data-e-type=\"widget\" data-widget_type=\"text-editor.default\">\n\t\t\t\t\t\t\t\t\t<h3>Estaci\u00f3n de acoplamiento para remolques WTW Americas<\/h3>\n<p>La estaci\u00f3n de acoplamiento de remolques (TDS) de WTW Americas tiene un dise\u00f1o modular y unas dimensiones reducidas, lo que requiere una preparaci\u00f3n m\u00ednima del emplazamiento, sin necesidad de foso ni tolva subterr\u00e1nea. Es f\u00e1cil de instalar y constituye una soluci\u00f3n funcional y econ\u00f3mica para descargar camiones con remolques de piso m\u00f3vil que suelen transportar materiales a granel, como astillas de madera, aserr\u00edn, residuos de madera, combustibles alternativos, RDF, pelusa, residuos s\u00f3lidos urbanos y muchos otros combustibles de menor densidad. Una alternativa de estaci\u00f3n de acoplamiento doble con dos unidades de recepci\u00f3n permite la descarga simult\u00e1nea de dos remolques o una alimentaci\u00f3n sin interrupciones.<\/p>\t\t\t\t\t\t\t\t<\/div>\n\t\t\t\t<\/div>\n\t\t\t\t<\/div>\n\t\t<div class=\"elementor-element elementor-element-3ece2693 e-con-full e-flex e-con e-child\" data-id=\"3ece2693\" data-element_type=\"container\" data-e-type=\"container\">\n\t\t<div class=\"elementor-element elementor-element-31ea3ee7 e-con-full e-flex e-con e-child\" data-id=\"31ea3ee7\" data-element_type=\"container\" data-e-type=\"container\" data-settings=\"{&quot;background_background&quot;:&quot;classic&quot;}\">\n\t\t\t\t<div class=\"elementor-element elementor-element-1d03514c elementor-widget elementor-widget-text-editor\" data-id=\"1d03514c\" data-element_type=\"widget\" data-e-type=\"widget\" data-widget_type=\"text-editor.default\">\n\t\t\t\t\t\t\t\t\t<p>El material a granel se empuja directamente desde el remolque hacia la estaci\u00f3n de acoplamiento. Los tornillos de fondo m\u00f3vil situados en la parte inferior del TDS transportan el material hasta una cinta transportadora elevadora de cadena. La cinta transportadora eleva el material hasta una altura manejable o directamente a un alimentador.<\/p><p>Si es necesario, el TDS puede suministrarse en una versi\u00f3n con un alto grado de protecci\u00f3n contra el polvo. Tambi\u00e9n hay disponible una unidad hidr\u00e1ulica fija para desacoplar el semirremolque del cami\u00f3n y poder vaciarlo de forma aut\u00f3noma, utilizando as\u00ed el remolque como un peque\u00f1o silo de almacenamiento.<\/p><p>El TDS de WTW se utiliza en una amplia variedad de industrias, incluyendo combustibles alternativos, astillas de madera, residuos de madera, yeso y otros materiales de baja densidad.<\/p>\t\t\t\t\t\t\t\t<\/div>\n\t\t\t\t<\/div>\n\t\t<div class=\"elementor-element elementor-element-b987d7e e-con-full e-flex e-con e-child\" data-id=\"b987d7e\" data-element_type=\"container\" data-e-type=\"container\" data-settings=\"{&quot;background_background&quot;:&quot;classic&quot;}\">\n\t\t\t\t<\/div>\n\t\t\t\t<\/div>\n\t\t\t\t\t<\/div>\n\t\t\t\t<\/div>\n\t\t<div class=\"elementor-element elementor-element-2e7d5981 e-flex e-con-boxed e-con e-parent\" data-id=\"2e7d5981\" data-element_type=\"container\" data-e-type=\"container\">\n\t\t\t\t\t<div class=\"e-con-inner\">\n\t\t<div class=\"elementor-element elementor-element-39a0e7d0 e-con-full e-flex e-con e-child\" data-id=\"39a0e7d0\" data-element_type=\"container\" data-e-type=\"container\">\n\t\t<div class=\"elementor-element elementor-element-478d0e8c e-con-full e-flex e-con e-child\" data-id=\"478d0e8c\" data-element_type=\"container\" data-e-type=\"container\" data-settings=\"{&quot;background_background&quot;:&quot;classic&quot;}\">\n\t\t\t\t<\/div>\n\t\t<div class=\"elementor-element elementor-element-3e5e52ab e-con-full e-flex e-con e-child\" data-id=\"3e5e52ab\" data-element_type=\"container\" data-e-type=\"container\" data-settings=\"{&quot;background_background&quot;:&quot;classic&quot;}\">\n\t\t\t\t<div class=\"elementor-element elementor-element-4e8e843a elementor-widget elementor-widget-text-editor\" data-id=\"4e8e843a\" data-element_type=\"widget\" data-e-type=\"widget\" data-widget_type=\"text-editor.default\">\n\t\t\t\t\t\t\t\t\t<p><strong>Beneficios para usted<\/strong><\/p><ul><li>Las estaciones de acoplamiento para remolques agilizan el proceso de descarga, reduciendo el tiempo y los costos de mano de obra. Las estaciones de acoplamiento suelen contar con sistemas automatizados o semiautomatizados para facilitar transferencias r\u00e1pidas y seguras.<\/li><li>Los refugios y sellos para muelles suelen incorporarse en las estaciones de acoplamiento de remolques para proteger los materiales recibidos de los elementos y eliminar pr\u00e1cticamente el polvo.<\/li><li>El remolque puede actuar como un almac\u00e9n temporal de materiales al inicio de un proceso.<\/li><li>Los paquetes de energ\u00eda hidr\u00e1ulica permiten una descarga aut\u00f3noma.<\/li><\/ul>\t\t\t\t\t\t\t\t<\/div>\n\t\t\t\t<\/div>\n\t\t\t\t<\/div>\n\t\t\t\t\t<\/div>\n\t\t\t\t<\/div>\n\t\t<div class=\"elementor-element elementor-element-51e501b8 e-flex e-con-boxed e-con e-parent\" data-id=\"51e501b8\" data-element_type=\"container\" data-e-type=\"container\">\n\t\t\t\t\t<div class=\"e-con-inner\">\n\t\t\t\t<div class=\"elementor-element elementor-element-47e28db9 elementor-widget elementor-widget-text-editor\" data-id=\"47e28db9\" data-element_type=\"widget\" data-e-type=\"widget\" data-widget_type=\"text-editor.default\">\n\t\t\t\t\t\t\t\t\t<h3>M\u00e1s informaci\u00f3n<\/h3><p>Para obtener m\u00e1s informaci\u00f3n sobre los equipos y la experiencia de WTW Americas en estaciones de acoplamiento para remolques, env\u00ede un correo electr\u00f3nico a <a style=\"color: #5c9445;\" href=\"mailto:info@wtwamericas.com\">info@wtwamericas.com<\/a> o llame al <a style=\"color: #5c9445;\" href=\"http:\/\/tel:+1705-749-3544\">+1705-749-3544<\/a>.<\/p>\t\t\t\t\t\t\t\t<\/div>\n\t\t\t\t\t<\/div>\n\t\t\t\t<\/div>\n\t\t<div class=\"elementor-element elementor-element-88526a3 e-flex e-con-boxed e-con e-parent\" data-id=\"88526a3\" data-element_type=\"container\" data-e-type=\"container\">\n\t\t\t\t\t<div class=\"e-con-inner\">\n\t\t<div class=\"elementor-element elementor-element-6df47eb e-con-full e-flex e-con e-child\" data-id=\"6df47eb\" data-element_type=\"container\" data-e-type=\"container\">\n\t\t\t\t<div class=\"elementor-element elementor-element-321c15c elementor-align-center elementor-widget elementor-widget-button\" data-id=\"321c15c\" data-element_type=\"widget\" data-e-type=\"widget\" data-widget_type=\"button.default\">\n\t\t\t\t\t\t\t\t\t\t<a class=\"elementor-button elementor-button-link elementor-size-sm\" href=\"https:\/\/wtwamericas.com\/wp-content\/uploads\/2026\/03\/WTW-TDS-PDF.pdf\">\n\t\t\t\t\t\t<span class=\"elementor-button-content-wrapper\">\n\t\t\t\t\t\t\t\t\t<span class=\"elementor-button-text\">Ver tr\u00e1iler Folleto de la estaci\u00f3n de acoplamiento<\/span>\n\t\t\t\t\t<\/span>\n\t\t\t\t\t<\/a>\n\t\t\t\t\t\t\t\t<\/div>\n\t\t\t\t<\/div>\n\t\t\t\t\t<\/div>\n\t\t\t\t<\/div>\n\t\t\t\t<\/div>","protected":false},"excerpt":{"rendered":"<p>Efficient Trailer Docking Station Solutions WTW Americas Trailer Docking Station The WTW Americas Trailer Docking Station (TDS) is a modular design with small dimensions, which requires minimal site prep, no pit, and no underground hopper. It is easy to install and a functional and economical solution for unloading trucks with walking floor trailers which typical [&hellip;]<\/p>\n","protected":false},"author":3,"featured_media":0,"parent":0,"menu_order":0,"comment_status":"closed","ping_status":"closed","template":"","meta":{"footnotes":""},"class_list":["post-5523","page","type-page","status-publish","hentry"],"aioseo_notices":[],"_links":{"self":[{"href":"https:\/\/wtwamericas.com\/es\/wp-json\/wp\/v2\/pages\/5523","targetHints":{"allow":["GET"]}}],"collection":[{"href":"https:\/\/wtwamericas.com\/es\/wp-json\/wp\/v2\/pages"}],"about":[{"href":"https:\/\/wtwamericas.com\/es\/wp-json\/wp\/v2\/types\/page"}],"author":[{"embeddable":true,"href":"https:\/\/wtwamericas.com\/es\/wp-json\/wp\/v2\/users\/3"}],"replies":[{"embeddable":true,"href":"https:\/\/wtwamericas.com\/es\/wp-json\/wp\/v2\/comments?post=5523"}],"version-history":[{"count":0,"href":"https:\/\/wtwamericas.com\/es\/wp-json\/wp\/v2\/pages\/5523\/revisions"}],"wp:attachment":[{"href":"https:\/\/wtwamericas.com\/es\/wp-json\/wp\/v2\/media?parent=5523"}],"curies":[{"name":"wp","href":"https:\/\/api.w.org\/{rel}","templated":true}]}}