{"id":5481,"date":"2024-11-21T16:14:28","date_gmt":"2024-11-21T16:14:28","guid":{"rendered":"https:\/\/wtwamericas.com\/?page_id=5481"},"modified":"2026-03-16T17:21:01","modified_gmt":"2026-03-16T17:21:01","slug":"maquina-de-descarga-de-silo","status":"publish","type":"page","link":"https:\/\/wtwamericas.com\/pt\/silo-discharge-machine\/","title":{"rendered":"M\u00e1quina de descarga de silos"},"content":{"rendered":"<div data-elementor-type=\"wp-page\" data-elementor-id=\"5481\" class=\"elementor elementor-5481\">\n\t\t\t\t<div class=\"elementor-element elementor-element-55c33cb8 e-con-full e-flex e-con e-parent\" data-id=\"55c33cb8\" data-element_type=\"container\" data-e-type=\"container\" data-settings=\"{&quot;background_background&quot;:&quot;classic&quot;}\">\n\t\t<div class=\"elementor-element elementor-element-f66c211 e-con-full e-flex e-con e-child\" data-id=\"f66c211\" data-element_type=\"container\" data-e-type=\"container\">\n\t\t\t\t<div class=\"elementor-element elementor-element-13d3708b elementor-widget elementor-widget-heading\" data-id=\"13d3708b\" data-element_type=\"widget\" data-e-type=\"widget\" data-widget_type=\"heading.default\">\n\t\t\t\t\t<h1 class=\"elementor-heading-title elementor-size-default\">Reliable Silo Discharge Machines<\/h1>\t\t\t\t<\/div>\n\t\t\t\t<\/div>\n\t\t\t\t<\/div>\n\t\t<div class=\"elementor-element elementor-element-dcf2dde e-flex e-con-boxed e-con e-parent\" data-id=\"dcf2dde\" data-element_type=\"container\" data-e-type=\"container\">\n\t\t\t\t\t<div class=\"e-con-inner\">\n\t\t\t\t<div class=\"elementor-element elementor-element-62fd3c6 elementor-widget elementor-widget-text-editor\" data-id=\"62fd3c6\" data-element_type=\"widget\" data-e-type=\"widget\" data-widget_type=\"text-editor.default\">\n\t\t\t\t\t\t\t\t\t<h3><b>Descarga, distribui\u00e7\u00e3o, recupera\u00e7\u00e3o e armazenamento de materiais a granel<\/b><\/h3><p>Os descarregadores de silo s\u00e3o empregados para materiais com caracter\u00edsticas de fluxo t\u00e3o ruins que a gravidade por si s\u00f3 n\u00e3o \u00e9 suficiente para permitir que eles fluam de um silo, tremonha ou tanque. Essa solu\u00e7\u00e3o de equipamento evita problemas t\u00edpicos de descarregamento, como ader\u00eancia, forma\u00e7\u00e3o de pontes e ratholing.<\/p>\t\t\t\t\t\t\t\t<\/div>\n\t\t\t\t\t<\/div>\n\t\t\t\t<\/div>\n\t\t<div class=\"elementor-element elementor-element-2c569c97 e-flex e-con-boxed e-con e-parent\" data-id=\"2c569c97\" data-element_type=\"container\" data-e-type=\"container\">\n\t\t\t\t\t<div class=\"e-con-inner\">\n\t\t<div class=\"elementor-element elementor-element-2207ab5c e-con-full e-flex e-con e-child\" data-id=\"2207ab5c\" data-element_type=\"container\" data-e-type=\"container\">\n\t\t<div class=\"elementor-element elementor-element-691ee7b e-con-full e-flex e-con e-child\" data-id=\"691ee7b\" data-element_type=\"container\" data-e-type=\"container\" data-settings=\"{&quot;background_background&quot;:&quot;classic&quot;}\">\n\t\t\t\t<\/div>\n\t\t<div class=\"elementor-element elementor-element-58ef2595 e-con-full e-flex e-con e-child\" data-id=\"58ef2595\" data-element_type=\"container\" data-e-type=\"container\" data-settings=\"{&quot;background_background&quot;:&quot;classic&quot;}\">\n\t\t\t\t<div class=\"elementor-element elementor-element-54da1f6d elementor-widget elementor-widget-text-editor\" data-id=\"54da1f6d\" data-element_type=\"widget\" data-e-type=\"widget\" data-widget_type=\"text-editor.default\">\n\t\t\t\t\t\t\t\t\t<h3>About the Silo Discharge Machine<\/h3><p>WTW\u2019s Silo Bin Discharger\u00a0 is our most versatile and flexible discharge system. Available in sizes from 1.5 to 6 meters in diameter and discharge capacities up to 1,000 t\/h, WTW\u2019s Silo Discharge Machine is one of our most requested installations.<\/p><p>A tarefa da m\u00e1quina de descarga de silos da unidade de descarga central \u00e9 extrair materiais a granel \u00famidos, quentes, coesivos, lentos e outros materiais a granel de fluxo n\u00e3o livre armazenados ou armazenados em caixas ou silos.<\/p><p>O bra\u00e7o de descarga rotativo transporta o material a granel em dire\u00e7\u00e3o \u00e0 abertura no centro do piso e o descarrega por essa abertura. Para evitar que o material a granel flua para fora de forma descontrolada, a abertura de descarga \u00e9 coberta por um cone interno. O bra\u00e7o de descarga passa por baixo do cone interno e ativa todo o fundo do silo durante a opera\u00e7\u00e3o de descarga.<\/p><p>One revolution of this specially curved and profiled arm extracts a uniform disc of material from the silo. This keeps the bulk material column in motion and maintains its flow ability, preventing solidification of the bulk material over time and the risk of bridge formation and ratholing inside the silo.<\/p>\t\t\t\t\t\t\t\t<\/div>\n\t\t\t\t<\/div>\n\t\t\t\t<\/div>\n\t\t<div class=\"elementor-element elementor-element-3285f2bd e-con-full e-flex e-con e-child\" data-id=\"3285f2bd\" data-element_type=\"container\" data-e-type=\"container\">\n\t\t<div class=\"elementor-element elementor-element-237a757a e-con-full e-flex e-con e-child\" data-id=\"237a757a\" data-element_type=\"container\" data-e-type=\"container\" data-settings=\"{&quot;background_background&quot;:&quot;classic&quot;}\">\n\t\t\t\t<div class=\"elementor-element elementor-element-28987968 elementor-widget elementor-widget-text-editor\" data-id=\"28987968\" data-element_type=\"widget\" data-e-type=\"widget\" data-widget_type=\"text-editor.default\">\n\t\t\t\t\t\t\t\t\t<h3>Free Spinning Cone<\/h3><p>The free spinning cone has the advantage of having no obstacles such as cross beams or cone supports that would disrupt the material flow. Very sticky or non-free flowing bulk materials have no chance to build bridges. This feature allows for a bulk material to have up to 3 times the amount of storage time at rest when compared with a cone supported by beams. This design should be used for wet bulk materials such as FGD Gypsum, Clay, Marl, etc.<\/p>\t\t\t\t\t\t\t\t<\/div>\n\t\t\t\t<\/div>\n\t\t<div class=\"elementor-element elementor-element-7b70fc39 e-con-full e-flex e-con e-child\" data-id=\"7b70fc39\" data-element_type=\"container\" data-e-type=\"container\" data-settings=\"{&quot;background_background&quot;:&quot;classic&quot;}\">\n\t\t\t\t<\/div>\n\t\t\t\t<\/div>\n\t\t\t\t\t<\/div>\n\t\t\t\t<\/div>\n\t\t<div class=\"elementor-element elementor-element-2df4d546 e-flex e-con-boxed e-con e-parent\" data-id=\"2df4d546\" data-element_type=\"container\" data-e-type=\"container\">\n\t\t\t\t\t<div class=\"e-con-inner\">\n\t\t<div class=\"elementor-element elementor-element-40feda91 e-con-full e-flex e-con e-child\" data-id=\"40feda91\" data-element_type=\"container\" data-e-type=\"container\">\n\t\t<div class=\"elementor-element elementor-element-627a2b08 e-con-full e-flex e-con e-child\" data-id=\"627a2b08\" data-element_type=\"container\" data-e-type=\"container\" data-settings=\"{&quot;background_background&quot;:&quot;classic&quot;}\">\n\t\t\t\t<\/div>\n\t\t<div class=\"elementor-element elementor-element-3c94d37a e-con-full e-flex e-con e-child\" data-id=\"3c94d37a\" data-element_type=\"container\" data-e-type=\"container\" data-settings=\"{&quot;background_background&quot;:&quot;classic&quot;}\">\n\t\t\t\t<div class=\"elementor-element elementor-element-5cd414fd elementor-widget elementor-widget-text-editor\" data-id=\"5cd414fd\" data-element_type=\"widget\" data-e-type=\"widget\" data-widget_type=\"text-editor.default\">\n\t\t\t\t\t\t\t\t\t<h3>Cone Supported by Beams<\/h3><p>This design is used for bulk materials with poor flow characteristics, or for surge bins where long periods of storage time are not necessary. Typical bulk materials used in this machine are Limestone, Natural Gypsum, Ores, Coal, Petroleum Coke. Coarse or dry bulk materials can also be used with this machine.<\/p>\t\t\t\t\t\t\t\t<\/div>\n\t\t\t\t<\/div>\n\t\t\t\t<\/div>\n\t\t\t\t\t<\/div>\n\t\t\t\t<\/div>\n\t\t<div class=\"elementor-element elementor-element-65eda06c e-flex e-con-boxed e-con e-parent\" data-id=\"65eda06c\" data-element_type=\"container\" data-e-type=\"container\">\n\t\t\t\t\t<div class=\"e-con-inner\">\n\t\t<div class=\"elementor-element elementor-element-cbc2ae5 e-con-full e-flex e-con e-child\" data-id=\"cbc2ae5\" data-element_type=\"container\" data-e-type=\"container\">\n\t\t<div class=\"elementor-element elementor-element-e143748 e-con-full e-flex e-con e-child\" data-id=\"e143748\" data-element_type=\"container\" data-e-type=\"container\" data-settings=\"{&quot;background_background&quot;:&quot;classic&quot;}\">\n\t\t\t\t<div class=\"elementor-element elementor-element-c6e323d elementor-widget elementor-widget-text-editor\" data-id=\"c6e323d\" data-element_type=\"widget\" data-e-type=\"widget\" data-widget_type=\"text-editor.default\">\n\t\t\t\t\t\t\t\t\t<h3>Internal Drive<\/h3><p>This feature gives you the advantage of storing very dusty bulk materials or materials that have the tendency for spontaneous combustion. One of the arms is built as an inspection tunnel, so drive maintenance can be done without emptying the silo. Typical applications are Pulverized Coal, Sub-Bituminous Coal (PRB coal), Wet Fly Ash and Land Plaster.<\/p><p><b>Benef\u00edcios para voc\u00ea<\/b><\/p><ul><li>Otimiza o espa\u00e7o de armazenamento.<\/li><li>Fornece descarga consistente e confi\u00e1vel do seu material.<\/li><li>Continuous mass flow applicable to every industry.<\/li><li>Heavy duty, reliable design minimizes downtime and maintenance.<\/li><\/ul><p>The Silo Discharge Machine can be used in pits to efficiently empty rail cars or trucks, and in hoppers to unload clam shells or front-end loaders\u2014or traditionally used in silos.<\/p>\t\t\t\t\t\t\t\t<\/div>\n\t\t\t\t<\/div>\n\t\t<div class=\"elementor-element elementor-element-8b69675 e-con-full e-flex e-con e-child\" data-id=\"8b69675\" data-element_type=\"container\" data-e-type=\"container\" data-settings=\"{&quot;background_background&quot;:&quot;classic&quot;}\">\n\t\t\t\t<\/div>\n\t\t\t\t<\/div>\n\t\t\t\t<div class=\"elementor-element elementor-element-66a4bc6 elementor-widget elementor-widget-image\" data-id=\"66a4bc6\" data-element_type=\"widget\" data-e-type=\"widget\" data-widget_type=\"image.default\">\n\t\t\t\t\t\t\t\t\t\t\t\t\t\t\t<img fetchpriority=\"high\" decoding=\"async\" width=\"600\" height=\"600\" src=\"https:\/\/wtwamericas.com\/wp-content\/uploads\/2024\/11\/BinEx-5-1.png\" class=\"attachment-large size-large wp-image-5443\" alt=\"M\u00e1quina de descarga de silos\" srcset=\"https:\/\/wtwamericas.com\/wp-content\/uploads\/2024\/11\/BinEx-5-1.png 600w, https:\/\/wtwamericas.com\/wp-content\/uploads\/2024\/11\/BinEx-5-1-300x300.png 300w, https:\/\/wtwamericas.com\/wp-content\/uploads\/2024\/11\/BinEx-5-1-150x150.png 150w\" sizes=\"(max-width: 600px) 100vw, 600px\" \/>\t\t\t\t\t\t\t\t\t\t\t\t\t\t\t<\/div>\n\t\t\t\t<div class=\"elementor-element elementor-element-90c278 elementor-widget elementor-widget-text-editor\" data-id=\"90c278\" data-element_type=\"widget\" data-e-type=\"widget\" data-widget_type=\"text-editor.default\">\n\t\t\t\t\t\t\t\t\t<h3>Saiba mais<\/h3><p>To learn more about WTW Americas Silo Discharge Machine email <a style=\"color: #5c9445;\" href=\"mailto:info@wtwamericas.com\">info@wtwamericas.com<\/a> ou ligue para <a style=\"color: #5c9445;\" href=\"http:\/\/tel:+1705-749-3544\">+1705-749-3544<\/a>.<\/p>\t\t\t\t\t\t\t\t<\/div>\n\t\t\t\t\t<\/div>\n\t\t\t\t<\/div>\n\t\t<div class=\"elementor-element elementor-element-73eac7d e-flex e-con-boxed e-con e-parent\" data-id=\"73eac7d\" data-element_type=\"container\" data-e-type=\"container\">\n\t\t\t\t\t<div class=\"e-con-inner\">\n\t\t\t\t<div class=\"elementor-element elementor-element-3bc5633 elementor-align-center elementor-widget elementor-widget-button\" data-id=\"3bc5633\" data-element_type=\"widget\" data-e-type=\"widget\" data-widget_type=\"button.default\">\n\t\t\t\t\t\t\t\t\t\t<a class=\"elementor-button elementor-button-link elementor-size-sm\" href=\"https:\/\/wtwamericas.com\/wp-content\/uploads\/2026\/03\/WTW-SDM-PDF.pdf\">\n\t\t\t\t\t\t<span class=\"elementor-button-content-wrapper\">\n\t\t\t\t\t\t\t\t\t<span class=\"elementor-button-text\">View Silo Discharge Machine Brochure<\/span>\n\t\t\t\t\t<\/span>\n\t\t\t\t\t<\/a>\n\t\t\t\t\t\t\t\t<\/div>\n\t\t\t\t\t<\/div>\n\t\t\t\t<\/div>\n\t\t\t\t<\/div>","protected":false},"excerpt":{"rendered":"<p>Reliable Silo Discharge Machines Discharge, Distribution, Reclamation and Storage of Bulk Materials Silo dischargers are employed for materials that have such poor flow characteristics that gravity alone is not sufficient to allow them to flow from a silo, hopper, or tank. This equipment solution prevents typical discharging problems, such as sticking, bridging, and ratholing. About [&hellip;]<\/p>\n","protected":false},"author":3,"featured_media":0,"parent":0,"menu_order":0,"comment_status":"closed","ping_status":"closed","template":"","meta":{"footnotes":""},"class_list":["post-5481","page","type-page","status-publish","hentry"],"aioseo_notices":[],"_links":{"self":[{"href":"https:\/\/wtwamericas.com\/pt\/wp-json\/wp\/v2\/pages\/5481","targetHints":{"allow":["GET"]}}],"collection":[{"href":"https:\/\/wtwamericas.com\/pt\/wp-json\/wp\/v2\/pages"}],"about":[{"href":"https:\/\/wtwamericas.com\/pt\/wp-json\/wp\/v2\/types\/page"}],"author":[{"embeddable":true,"href":"https:\/\/wtwamericas.com\/pt\/wp-json\/wp\/v2\/users\/3"}],"replies":[{"embeddable":true,"href":"https:\/\/wtwamericas.com\/pt\/wp-json\/wp\/v2\/comments?post=5481"}],"version-history":[{"count":0,"href":"https:\/\/wtwamericas.com\/pt\/wp-json\/wp\/v2\/pages\/5481\/revisions"}],"wp:attachment":[{"href":"https:\/\/wtwamericas.com\/pt\/wp-json\/wp\/v2\/media?parent=5481"}],"curies":[{"name":"wp","href":"https:\/\/api.w.org\/{rel}","templated":true}]}}