{"id":5492,"date":"2024-11-21T16:22:19","date_gmt":"2024-11-21T16:22:19","guid":{"rendered":"https:\/\/wtwamericas.com\/?page_id=5492"},"modified":"2026-03-16T17:29:30","modified_gmt":"2026-03-16T17:29:30","slug":"bunker-discharge-machine","status":"publish","type":"page","link":"https:\/\/wtwamericas.com\/pt\/bunker-discharge-machine\/","title":{"rendered":"M\u00e1quina de descarga de bunker"},"content":{"rendered":"<div data-elementor-type=\"wp-page\" data-elementor-id=\"5492\" class=\"elementor elementor-5492\">\n\t\t\t\t<div class=\"elementor-element elementor-element-156ff5d4 e-con-full e-flex e-con e-parent\" data-id=\"156ff5d4\" data-element_type=\"container\" data-e-type=\"container\" data-settings=\"{&quot;background_background&quot;:&quot;classic&quot;}\">\n\t\t<div class=\"elementor-element elementor-element-5701de e-con-full e-flex e-con e-child\" data-id=\"5701de\" data-element_type=\"container\" data-e-type=\"container\">\n\t\t\t\t<div class=\"elementor-element elementor-element-67d09638 elementor-widget elementor-widget-heading\" data-id=\"67d09638\" data-element_type=\"widget\" data-e-type=\"widget\" data-widget_type=\"heading.default\">\n\t\t\t\t\t<h1 class=\"elementor-heading-title elementor-size-default\">Robust Bunker Discharge Machines<\/h1>\t\t\t\t<\/div>\n\t\t\t\t<\/div>\n\t\t\t\t<\/div>\n\t\t<div class=\"elementor-element elementor-element-88d21ea e-flex e-con-boxed e-con e-parent\" data-id=\"88d21ea\" data-element_type=\"container\" data-e-type=\"container\">\n\t\t\t\t\t<div class=\"e-con-inner\">\n\t\t\t\t\t<\/div>\n\t\t\t\t<\/div>\n\t\t<div class=\"elementor-element elementor-element-4555d980 e-flex e-con-boxed e-con e-parent\" data-id=\"4555d980\" data-element_type=\"container\" data-e-type=\"container\">\n\t\t\t\t\t<div class=\"e-con-inner\">\n\t\t<div class=\"elementor-element elementor-element-1138488d e-con-full e-flex e-con e-child\" data-id=\"1138488d\" data-element_type=\"container\" data-e-type=\"container\">\n\t\t<div class=\"elementor-element elementor-element-6d24e4d6 e-con-full e-flex e-con e-child\" data-id=\"6d24e4d6\" data-element_type=\"container\" data-e-type=\"container\" data-settings=\"{&quot;background_background&quot;:&quot;classic&quot;}\">\n\t\t\t\t<\/div>\n\t\t<div class=\"elementor-element elementor-element-548d075 e-con-full e-flex e-con e-child\" data-id=\"548d075\" data-element_type=\"container\" data-e-type=\"container\" data-settings=\"{&quot;background_background&quot;:&quot;classic&quot;}\">\n\t\t\t\t<div class=\"elementor-element elementor-element-4b34742c elementor-widget elementor-widget-text-editor\" data-id=\"4b34742c\" data-element_type=\"widget\" data-e-type=\"widget\" data-widget_type=\"text-editor.default\">\n\t\t\t\t\t\t\t\t\t<h3>What is a Bunker Discharge Machine?<\/h3><p>A Bunker Discharge Machine (BDM) is a mechanism for reclaiming tough to manage bulk materials from silos, bunkers, hoppers, bins, stockpiles, and dome type storages. The Bunker Discharge Machine can travel to reclaim from long stockpiles or hoppers and discharge l it onto a gathering conveyor. It is frequently employed in transporting limestone, FGD gypsum, coal, clinker, iron ore, additives, cement, or wastes.<\/p>\t\t\t\t\t\t\t\t<\/div>\n\t\t\t\t<\/div>\n\t\t\t\t<\/div>\n\t\t<div class=\"elementor-element elementor-element-5b42f531 e-con-full e-flex e-con e-child\" data-id=\"5b42f531\" data-element_type=\"container\" data-e-type=\"container\">\n\t\t<div class=\"elementor-element elementor-element-1a6bedd5 e-con-full e-flex e-con e-child\" data-id=\"1a6bedd5\" data-element_type=\"container\" data-e-type=\"container\" data-settings=\"{&quot;background_background&quot;:&quot;classic&quot;}\">\n\t\t\t\t<div class=\"elementor-element elementor-element-253287d3 elementor-widget elementor-widget-text-editor\" data-id=\"253287d3\" data-element_type=\"widget\" data-e-type=\"widget\" data-widget_type=\"text-editor.default\">\n\t\t\t\t\t\t\t\t\t<h4>About WTW\u2019s Bunker Discharge Machine<\/h4><p>A m\u00e1quina de descarga de bunker da WTW foi projetada especificamente para recuperar materiais a granel coesivos, \u00famidos e dif\u00edceis de manusear de bunkers, tremonhas, caixas, silos, pilhas de estoque e armazenamentos do tipo domo.<\/p><p>When discharging, the BDM can travel on rails. Its rotating discharge wheel reclaims the bulk material out of the storage pile or hopper and conveys it to a conveyor below the bunker discharge machine.<\/p><p>The BDM\u2019s discharge wheel has six logarithmic shaped discharge arms which guarantee consistent feeding of any bulk material. Discharge arms are lined with wear resistant liner plates designed to increase the life of the discharge arms.<\/p><p>With our retracting arm design, the BDM can even be used for blending various bulk materials or grades of the same bulk material. Arms can retract from the stockpile, then high speed travel is engaged to move the machine quickly to another location.<\/p><p>Onboard weigh systems or de-dusting systems can be employed making the BDM extremely reliable with high accuracy feeding.<\/p>\t\t\t\t\t\t\t\t<\/div>\n\t\t\t\t<\/div>\n\t\t<div class=\"elementor-element elementor-element-17a6da43 e-con-full e-flex e-con e-child\" data-id=\"17a6da43\" data-element_type=\"container\" data-e-type=\"container\" data-settings=\"{&quot;background_background&quot;:&quot;classic&quot;}\">\n\t\t\t\t<\/div>\n\t\t\t\t<\/div>\n\t\t\t\t\t<\/div>\n\t\t\t\t<\/div>\n\t\t<div class=\"elementor-element elementor-element-666eb5ee e-flex e-con-boxed e-con e-parent\" data-id=\"666eb5ee\" data-element_type=\"container\" data-e-type=\"container\">\n\t\t\t\t\t<div class=\"e-con-inner\">\n\t\t<div class=\"elementor-element elementor-element-33791493 e-con-full e-flex e-con e-child\" data-id=\"33791493\" data-element_type=\"container\" data-e-type=\"container\">\n\t\t<div class=\"elementor-element elementor-element-65655b3d e-con-full e-flex e-con e-child\" data-id=\"65655b3d\" data-element_type=\"container\" data-e-type=\"container\" data-settings=\"{&quot;background_background&quot;:&quot;classic&quot;}\">\n\t\t\t\t<\/div>\n\t\t<div class=\"elementor-element elementor-element-5f6dcc8b e-con-full e-flex e-con e-child\" data-id=\"5f6dcc8b\" data-element_type=\"container\" data-e-type=\"container\" data-settings=\"{&quot;background_background&quot;:&quot;classic&quot;}\">\n\t\t\t\t<div class=\"elementor-element elementor-element-610da7b3 elementor-widget elementor-widget-text-editor\" data-id=\"610da7b3\" data-element_type=\"widget\" data-e-type=\"widget\" data-widget_type=\"text-editor.default\">\n\t\t\t\t\t\t\t\t\t<p>With reclaim rates from 10 to 2,500 t\/h, WTW\u2019s Bunker Discharge Machine has the capability to reclaim materials from massive stockpiles, extremely large silo diameters, large hoppers, free-range and longitudinal bunkers.<\/p><p>Utilizing alternative combinations like crushed glass, reclaimed concrete, and even plastic can substantially reduce resource depletion. This practice not only diverts waste from landfills but also offers comparable or even superior performance to traditional concrete mixtures.<\/p><p>Embracing green concrete technology, businesses have begun to prioritize the use of recycled materials, reducing water consumption, and implementing energy-efficient manufacturing processes.\u00a0In addition, the development of smart concrete, infused with properties that sense structural changes, is a remarkable innovation transforming the construction landscape. With the arrival of self-healing materials, structures can now autonomously repair cracks, significantly extending their lifespan while curtailing maintenance expenses.<\/p><p><strong>Benef\u00edcios para voc\u00ea<\/strong><\/p><ul><li>Designed to maximize storage at the lowest operating costs.<\/li><li>Automated reclaim, blending, and high reclaim rates.<\/li><li>The discharge arms are shaped and lined with wear resistant materials to minimize wear and tear.<\/li><li>All surfaces are easy to clean and to maintain.<\/li><li>All drive components are kept away from the material, protecting them and providing easy access for maintenance or inspection purposes.<\/li><\/ul>\t\t\t\t\t\t\t\t<\/div>\n\t\t\t\t<\/div>\n\t\t\t\t<\/div>\n\t\t\t\t\t<\/div>\n\t\t\t\t<\/div>\n\t\t<div class=\"elementor-element elementor-element-19ef5474 e-flex e-con-boxed e-con e-parent\" data-id=\"19ef5474\" data-element_type=\"container\" data-e-type=\"container\">\n\t\t\t\t\t<div class=\"e-con-inner\">\n\t\t\t\t<div class=\"elementor-element elementor-element-abccdb3 elementor-widget elementor-widget-text-editor\" data-id=\"abccdb3\" data-element_type=\"widget\" data-e-type=\"widget\" data-widget_type=\"text-editor.default\">\n\t\t\t\t\t\t\t\t\t<h3>Saiba mais<\/h3><p>To learn more about WTW Americas equipment and experience in the Bunker Discharge Machine email <a style=\"color: #5c9445;\" href=\"mailto:info@wtwamericas.com\">info@wtwamericas.com<\/a> ou ligue para <a style=\"color: #5c9445;\" href=\"http:\/\/tel:+1705-749-3544\">+1705-749-3544<\/a>.<\/p>\t\t\t\t\t\t\t\t<\/div>\n\t\t\t\t\t<\/div>\n\t\t\t\t<\/div>\n\t\t<div class=\"elementor-element elementor-element-e4ee1c3 e-flex e-con-boxed e-con e-parent\" data-id=\"e4ee1c3\" data-element_type=\"container\" data-e-type=\"container\">\n\t\t\t\t\t<div class=\"e-con-inner\">\n\t\t\t\t<div class=\"elementor-element elementor-element-ecbca3b elementor-align-center elementor-widget elementor-widget-button\" data-id=\"ecbca3b\" data-element_type=\"widget\" data-e-type=\"widget\" data-widget_type=\"button.default\">\n\t\t\t\t\t\t\t\t\t\t<a class=\"elementor-button elementor-button-link elementor-size-sm\" href=\"https:\/\/wtwamericas.com\/wp-content\/uploads\/2026\/03\/WTW-BDM-PDF.pdf\">\n\t\t\t\t\t\t<span class=\"elementor-button-content-wrapper\">\n\t\t\t\t\t\t\t\t\t<span class=\"elementor-button-text\">View Bunker Discharge Machine Brochure<\/span>\n\t\t\t\t\t<\/span>\n\t\t\t\t\t<\/a>\n\t\t\t\t\t\t\t\t<\/div>\n\t\t\t\t\t<\/div>\n\t\t\t\t<\/div>\n\t\t\t\t<\/div>","protected":false},"excerpt":{"rendered":"<p>Robust Bunker Discharge Machines What is a Bunker Discharge Machine? A Bunker Discharge Machine (BDM) is a mechanism for reclaiming tough to manage bulk materials from silos, bunkers, hoppers, bins, stockpiles, and dome type storages. The Bunker Discharge Machine can travel to reclaim from long stockpiles or hoppers and discharge l it onto a gathering [&hellip;]<\/p>\n","protected":false},"author":3,"featured_media":0,"parent":0,"menu_order":0,"comment_status":"closed","ping_status":"closed","template":"","meta":{"footnotes":""},"class_list":["post-5492","page","type-page","status-publish","hentry"],"aioseo_notices":[],"_links":{"self":[{"href":"https:\/\/wtwamericas.com\/pt\/wp-json\/wp\/v2\/pages\/5492","targetHints":{"allow":["GET"]}}],"collection":[{"href":"https:\/\/wtwamericas.com\/pt\/wp-json\/wp\/v2\/pages"}],"about":[{"href":"https:\/\/wtwamericas.com\/pt\/wp-json\/wp\/v2\/types\/page"}],"author":[{"embeddable":true,"href":"https:\/\/wtwamericas.com\/pt\/wp-json\/wp\/v2\/users\/3"}],"replies":[{"embeddable":true,"href":"https:\/\/wtwamericas.com\/pt\/wp-json\/wp\/v2\/comments?post=5492"}],"version-history":[{"count":0,"href":"https:\/\/wtwamericas.com\/pt\/wp-json\/wp\/v2\/pages\/5492\/revisions"}],"wp:attachment":[{"href":"https:\/\/wtwamericas.com\/pt\/wp-json\/wp\/v2\/media?parent=5492"}],"curies":[{"name":"wp","href":"https:\/\/api.w.org\/{rel}","templated":true}]}}