{"id":5500,"date":"2024-11-21T16:24:35","date_gmt":"2024-11-21T16:24:35","guid":{"rendered":"https:\/\/wtwamericas.com\/?page_id=5500"},"modified":"2026-03-16T17:14:13","modified_gmt":"2026-03-16T17:14:13","slug":"tkf-chain-conveyor","status":"publish","type":"page","link":"https:\/\/wtwamericas.com\/pt\/tkf-chain-conveyor\/","title":{"rendered":"Transportador de corrente TKF"},"content":{"rendered":"<div data-elementor-type=\"wp-page\" data-elementor-id=\"5500\" class=\"elementor elementor-5500\">\n\t\t\t\t<div class=\"elementor-element elementor-element-2696fb33 e-con-full e-flex e-con e-parent\" data-id=\"2696fb33\" data-element_type=\"container\" data-e-type=\"container\" data-settings=\"{&quot;background_background&quot;:&quot;classic&quot;}\">\n\t\t<div class=\"elementor-element elementor-element-713cfdc5 e-con-full e-flex e-con e-child\" data-id=\"713cfdc5\" data-element_type=\"container\" data-e-type=\"container\">\n\t\t\t\t<div class=\"elementor-element elementor-element-64642e7f elementor-widget elementor-widget-heading\" data-id=\"64642e7f\" data-element_type=\"widget\" data-e-type=\"widget\" data-widget_type=\"heading.default\">\n\t\t\t\t\t<h1 class=\"elementor-heading-title elementor-size-default\">Durable TKF Chain Conveyor Solutions<\/h1>\t\t\t\t<\/div>\n\t\t\t\t<\/div>\n\t\t\t\t<\/div>\n\t\t<div class=\"elementor-element elementor-element-5c536e5b e-flex e-con-boxed e-con e-parent\" data-id=\"5c536e5b\" data-element_type=\"container\" data-e-type=\"container\">\n\t\t\t\t\t<div class=\"e-con-inner\">\n\t\t<div class=\"elementor-element elementor-element-36b047b e-con-full e-flex e-con e-child\" data-id=\"36b047b\" data-element_type=\"container\" data-e-type=\"container\">\n\t\t\t\t<div class=\"elementor-element elementor-element-4d01129 elementor-widget elementor-widget-text-editor\" data-id=\"4d01129\" data-element_type=\"widget\" data-e-type=\"widget\" data-widget_type=\"text-editor.default\">\n\t\t\t\t\t\t\t\t\t<h3 class=\"p1\"><b>Dust-Tight Conveying, Discharging, Feeding, and Distribution<\/b><\/h3><p>WTW America\u2019s TKF Chain Conveyors can be configured in a variety of widths and lengths. They can be used to distribute, discharge, and transport material in nearly every direction and orientation. They are frequently employed to move materials that would not normally convey on belt conveyors, such as CKD, alternative fuels, cement or other dusty materials.<\/p>\t\t\t\t\t\t\t\t<\/div>\n\t\t<div class=\"elementor-element elementor-element-b940638 e-con-full e-flex e-con e-child\" data-id=\"b940638\" data-element_type=\"container\" data-e-type=\"container\">\n\t\t<div class=\"elementor-element elementor-element-6367c52 e-con-full e-flex e-con e-child\" data-id=\"6367c52\" data-element_type=\"container\" data-e-type=\"container\">\n\t\t<div class=\"elementor-element elementor-element-114993d e-con-full e-flex e-con e-child\" data-id=\"114993d\" data-element_type=\"container\" data-e-type=\"container\" data-settings=\"{&quot;background_background&quot;:&quot;classic&quot;}\">\n\t\t\t\t<div class=\"elementor-element elementor-element-1f35f52 elementor-widget elementor-widget-text-editor\" data-id=\"1f35f52\" data-element_type=\"widget\" data-e-type=\"widget\" data-widget_type=\"text-editor.default\">\n\t\t\t\t\t\t\t\t\t<p class=\"p1\">Padr\u00e3o ou projetados especificamente, os transportadores de corrente da WTW Americas TKF s\u00e3o autolimpantes, podem funcionar na horizontal, na inclina\u00e7\u00e3o e at\u00e9 na vertical, com larguras de 0,25 a 2 metros. Nossas solu\u00e7\u00f5es de transportadores de corrente foram rigorosamente testadas para garantir o sucesso ap\u00f3s a instala\u00e7\u00e3o no campo.<\/p><p class=\"p1\">A combina\u00e7\u00e3o do material da corrente, o m\u00e9todo de fabrica\u00e7\u00e3o dos elos, a resist\u00eancia ao escoamento, o endurecimento da corrente, bem como o material do equipamento de fixa\u00e7\u00e3o, como parafusos, pinos e toler\u00e2ncias de canal, transformam nossa corrente em um sistema duradouro e livre de problemas. Todos os conectores e pinos s\u00e3o feitos de a\u00e7o-liga de alta qualidade que \u00e9 submetido a tratamentos especiais para aumentar sua dura\u00e7\u00e3o e resist\u00eancia ao desgaste.<\/p><p>Sticky, hot (up to 750 \u00baC), abrasive materials such as synthetic gypsum, sludge, or clinker are easily conveyed from 0 to 1,000 t\/h.<span class=\"Apple-converted-space\">\u00a0\u00a0<\/span>Our single strand and double strand German engineered chain conveyors are a reliable means of transporting and distributing material from one or more stages of a process to the next.<\/p>\t\t\t\t\t\t\t\t<\/div>\n\t\t\t\t<\/div>\n\t\t<div class=\"elementor-element elementor-element-49a71cc e-con-full e-flex e-con e-child\" data-id=\"49a71cc\" data-element_type=\"container\" data-e-type=\"container\" data-settings=\"{&quot;background_background&quot;:&quot;classic&quot;}\">\n\t\t\t\t<div class=\"elementor-element elementor-element-c0fe8f6 elementor-widget elementor-widget-text-editor\" data-id=\"c0fe8f6\" data-element_type=\"widget\" data-e-type=\"widget\" data-widget_type=\"text-editor.default\">\n\t\t\t\t\t\t\t\t\t<table width=\"623\" cellspacing=\"0\" cellpadding=\"7\"><tbody><tr valign=\"top\"><td width=\"297\"><p align=\"left\"><span style=\"font-family: Aptos, serif;\"><span style=\"font-size: medium;\">Single Strand Conveyors (&lt;50 m3\/h)<\/span><\/span><\/p><\/td><td width=\"297\"><p align=\"left\"><span style=\"font-family: Aptos, serif;\"><span style=\"font-size: medium;\">Double Strand Conveyors (&gt;50 m3\/h)<\/span><\/span><\/p><\/td><\/tr><tr valign=\"top\"><td width=\"297\"><ul><li><p align=\"left\"><span style=\"font-family: Aptos, serif;\"><span style=\"font-size: medium;\">For dusty, dry materials such as raw meal or clinker dust<\/span><\/span><\/p><\/li><\/ul><\/td><td width=\"297\"><ul><li><p align=\"left\"><span style=\"font-family: Aptos, serif;\"><span style=\"font-size: medium;\">For lumpy, wet, sticky materials such as limestone and clinker<\/span><\/span><\/p><\/li><\/ul><\/td><\/tr><tr valign=\"top\"><td width=\"297\"><ul><li><p align=\"left\"><span style=\"font-family: Aptos, serif;\"><span style=\"font-size: medium;\">Particle size &lt;1mm<\/span><\/span><\/p><\/li><\/ul><\/td><td width=\"297\"><ul><li><p align=\"left\"><span style=\"font-family: Aptos, serif;\"><span style=\"font-size: medium;\">Particle size &gt;1mm<\/span><\/span><\/p><\/li><\/ul><\/td><\/tr><tr valign=\"top\"><td width=\"297\"><ul><li><p align=\"left\"><span style=\"font-family: Aptos, serif;\"><span style=\"font-size: medium;\">Applications with low chain stress (short conveyors, low transport capacities)<\/span><\/span><\/p><\/li><\/ul><\/td><td width=\"297\"><ul><li><p align=\"left\"><span style=\"font-family: Aptos, serif;\"><span style=\"font-size: medium;\">Applications with high chain stress (long conveyors, high transport capacities)<\/span><\/span><\/p><\/li><\/ul><\/td><\/tr><\/tbody><\/table><h4 class=\"p1\">\u00a0<\/h4>\t\t\t\t\t\t\t\t<\/div>\n\t\t\t\t<\/div>\n\t\t\t\t<\/div>\n\t\t<div class=\"elementor-element elementor-element-0e45660 e-con-full e-flex e-con e-child\" data-id=\"0e45660\" data-element_type=\"container\" data-e-type=\"container\">\n\t\t<div class=\"elementor-element elementor-element-debb4f9 e-con-full e-flex e-con e-child\" data-id=\"debb4f9\" data-element_type=\"container\" data-e-type=\"container\" data-settings=\"{&quot;background_background&quot;:&quot;classic&quot;}\">\n\t\t\t\t<div class=\"elementor-element elementor-element-c8960e3 elementor-widget elementor-widget-text-editor\" data-id=\"c8960e3\" data-element_type=\"widget\" data-e-type=\"widget\" data-widget_type=\"text-editor.default\">\n\t\t\t\t\t\t\t\t\t<h4 class=\"p1\"><b>Distribution of various types of bulk materials<\/b><\/h4><p>TKF Chain conveyors can be utilized when multiple in-feed points are required.<span class=\"Apple-converted-space\">\u00a0\u00a0<\/span>They are ideal when a chain conveyor is used to fill multiple silos or to transport a material to multiple destinations.<span class=\"Apple-converted-space\">\u00a0\u00a0<\/span>With our technology, reversable conveyors are possible.<\/p>\t\t\t\t\t\t\t\t<\/div>\n\t\t\t\t<\/div>\n\t\t<div class=\"elementor-element elementor-element-3c22f25 e-con-full e-flex e-con e-child\" data-id=\"3c22f25\" data-element_type=\"container\" data-e-type=\"container\" data-settings=\"{&quot;background_background&quot;:&quot;classic&quot;}\">\n\t\t\t\t<\/div>\n\t\t\t\t<\/div>\n\t\t<div class=\"elementor-element elementor-element-63c6f27 e-con-full e-flex e-con e-child\" data-id=\"63c6f27\" data-element_type=\"container\" data-e-type=\"container\">\n\t\t<div class=\"elementor-element elementor-element-200bfc4 e-con-full e-flex e-con e-child\" data-id=\"200bfc4\" data-element_type=\"container\" data-e-type=\"container\">\n\t\t<div class=\"elementor-element elementor-element-4103840 e-con-full e-flex e-con e-child\" data-id=\"4103840\" data-element_type=\"container\" data-e-type=\"container\" data-settings=\"{&quot;background_background&quot;:&quot;classic&quot;}\">\n\t\t\t\t<\/div>\n\t\t<div class=\"elementor-element elementor-element-1aec0af e-con-full e-flex e-con e-child\" data-id=\"1aec0af\" data-element_type=\"container\" data-e-type=\"container\" data-settings=\"{&quot;background_background&quot;:&quot;classic&quot;}\">\n\t\t\t\t<div class=\"elementor-element elementor-element-ee11cb6 elementor-widget elementor-widget-text-editor\" data-id=\"ee11cb6\" data-element_type=\"widget\" data-e-type=\"widget\" data-widget_type=\"text-editor.default\">\n\t\t\t\t\t\t\t\t\t<p>WTW Americas TKF Chain Conveyors have even been used to unload hoppers, and silos.<span class=\"Apple-converted-space\">\u00a0\u00a0<\/span>They have been used in pits to unload trucks, front end loaders, and rail cars.<span class=\"Apple-converted-space\">\u00a0\u00a0<\/span><\/p><p>They have also been used to feed horizontal silos and hoppers.<\/p>\t\t\t\t\t\t\t\t<\/div>\n\t\t\t\t<\/div>\n\t\t\t\t<\/div>\n\t\t\t\t<\/div>\n\t\t\t\t<\/div>\n\t\t<div class=\"elementor-element elementor-element-73d1c27 e-con-full e-flex e-con e-child\" data-id=\"73d1c27\" data-element_type=\"container\" data-e-type=\"container\">\n\t\t<div class=\"elementor-element elementor-element-3d1d9fd e-con-full e-flex e-con e-child\" data-id=\"3d1d9fd\" data-element_type=\"container\" data-e-type=\"container\">\n\t\t<div class=\"elementor-element elementor-element-0bcda08 e-con-full e-flex e-con e-child\" data-id=\"0bcda08\" data-element_type=\"container\" data-e-type=\"container\" data-settings=\"{&quot;background_background&quot;:&quot;classic&quot;}\">\n\t\t\t\t<div class=\"elementor-element elementor-element-d0c9efc elementor-widget elementor-widget-text-editor\" data-id=\"d0c9efc\" data-element_type=\"widget\" data-e-type=\"widget\" data-widget_type=\"text-editor.default\">\n\t\t\t\t\t\t\t\t\t<p class=\"p1\">When transporting light density materials such as alternative fuels, wood chips, saw dust, rice husks, etc. WTW often uses a roller chain allowing the dust tight transport distance to increase in center-to-center distance.<span class=\"Apple-converted-space\">\u00a0\u00a0<\/span>Using tight tolerances between the chain and trough sections, our chain conveyors can even transport your material vertical!<\/p><p class=\"p1\"><b>Benefits of WTW America\u2019s TKF Chain Conveyors<\/b><\/p><ul class=\"ul1\"><li class=\"li1\">Modular system of standard components allows for horizontal<span class=\"Apple-converted-space\">\u00a0 <\/span>and elevation changes in a single continuous run.<\/li><li class=\"li1\">Simple and fast configuration.<\/li><li class=\"li1\">Saves floor space.<\/li><li class=\"li1\">Saves energy \u2013 long runs with a single motor possible.<\/li><li class=\"li1\">Minimal maintenance.<\/li><li class=\"li1\">Dust-tight, water-tight, explosion-proof conveying.<\/li><li class=\"li1\">Completely bolted connections make for a quick installation.<\/li><\/ul>\t\t\t\t\t\t\t\t<\/div>\n\t\t\t\t<\/div>\n\t\t<div class=\"elementor-element elementor-element-85c8b2b e-con-full e-flex e-con e-child\" data-id=\"85c8b2b\" data-element_type=\"container\" data-e-type=\"container\" data-settings=\"{&quot;background_background&quot;:&quot;classic&quot;}\">\n\t\t\t\t<\/div>\n\t\t\t\t<\/div>\n\t\t\t\t<div class=\"elementor-element elementor-element-4690ce2 elementor-widget elementor-widget-image\" data-id=\"4690ce2\" data-element_type=\"widget\" data-e-type=\"widget\" data-widget_type=\"image.default\">\n\t\t\t\t\t\t\t\t\t\t\t\t\t\t\t<img fetchpriority=\"high\" decoding=\"async\" width=\"475\" height=\"635\" src=\"https:\/\/wtwamericas.com\/wp-content\/uploads\/2024\/11\/12.jpg\" class=\"attachment-large size-large wp-image-5202\" alt=\"\" srcset=\"https:\/\/wtwamericas.com\/wp-content\/uploads\/2024\/11\/12.jpg 475w, https:\/\/wtwamericas.com\/wp-content\/uploads\/2024\/11\/12-224x300.jpg 224w\" sizes=\"(max-width: 475px) 100vw, 475px\" \/>\t\t\t\t\t\t\t\t\t\t\t\t\t\t\t<\/div>\n\t\t<div class=\"elementor-element elementor-element-e894564 e-con-full e-grid e-con e-child\" data-id=\"e894564\" data-element_type=\"container\" data-e-type=\"container\">\n\t\t\t\t<div class=\"elementor-element elementor-element-104096a elementor-widget elementor-widget-image\" data-id=\"104096a\" data-element_type=\"widget\" data-e-type=\"widget\" data-widget_type=\"image.default\">\n\t\t\t\t\t\t\t\t\t\t\t\t\t\t\t<img decoding=\"async\" width=\"800\" height=\"600\" data-src=\"https:\/\/wtwamericas.com\/wp-content\/uploads\/2025\/06\/DSC02674-1024x768.jpg\" class=\"attachment-large size-large wp-image-11992 lazyload\" alt=\"\" data-srcset=\"https:\/\/wtwamericas.com\/wp-content\/uploads\/2025\/06\/DSC02674-1024x768.jpg 1024w, https:\/\/wtwamericas.com\/wp-content\/uploads\/2025\/06\/DSC02674-300x225.jpg 300w, https:\/\/wtwamericas.com\/wp-content\/uploads\/2025\/06\/DSC02674-768x576.jpg 768w, https:\/\/wtwamericas.com\/wp-content\/uploads\/2025\/06\/DSC02674-1536x1152.jpg 1536w, https:\/\/wtwamericas.com\/wp-content\/uploads\/2025\/06\/DSC02674.jpg 1600w\" data-sizes=\"(max-width: 800px) 100vw, 800px\" src=\"data:image\/svg+xml;base64,PHN2ZyB3aWR0aD0iMSIgaGVpZ2h0PSIxIiB4bWxucz0iaHR0cDovL3d3dy53My5vcmcvMjAwMC9zdmciPjwvc3ZnPg==\" style=\"--smush-placeholder-width: 800px; --smush-placeholder-aspect-ratio: 800\/600;\" \/>\t\t\t\t\t\t\t\t\t\t\t\t\t\t\t<\/div>\n\t\t\t\t<div class=\"elementor-element elementor-element-2838609 elementor-widget elementor-widget-image\" data-id=\"2838609\" data-element_type=\"widget\" data-e-type=\"widget\" data-widget_type=\"image.default\">\n\t\t\t\t\t\t\t\t\t\t\t\t\t\t\t<img decoding=\"async\" width=\"800\" height=\"600\" data-src=\"https:\/\/wtwamericas.com\/wp-content\/uploads\/2025\/06\/Trogkettenfoerderern-gecos-bmh.jpg\" class=\"attachment-large size-large wp-image-11993 lazyload\" alt=\"\" data-srcset=\"https:\/\/wtwamericas.com\/wp-content\/uploads\/2025\/06\/Trogkettenfoerderern-gecos-bmh.jpg 933w, https:\/\/wtwamericas.com\/wp-content\/uploads\/2025\/06\/Trogkettenfoerderern-gecos-bmh-300x225.jpg 300w, https:\/\/wtwamericas.com\/wp-content\/uploads\/2025\/06\/Trogkettenfoerderern-gecos-bmh-768x576.jpg 768w\" data-sizes=\"(max-width: 800px) 100vw, 800px\" src=\"data:image\/svg+xml;base64,PHN2ZyB3aWR0aD0iMSIgaGVpZ2h0PSIxIiB4bWxucz0iaHR0cDovL3d3dy53My5vcmcvMjAwMC9zdmciPjwvc3ZnPg==\" style=\"--smush-placeholder-width: 800px; --smush-placeholder-aspect-ratio: 800\/600;\" \/>\t\t\t\t\t\t\t\t\t\t\t\t\t\t\t<\/div>\n\t\t\t\t<div class=\"elementor-element elementor-element-a15e999 elementor-widget elementor-widget-image\" data-id=\"a15e999\" data-element_type=\"widget\" data-e-type=\"widget\" data-widget_type=\"image.default\">\n\t\t\t\t\t\t\t\t\t\t\t\t\t\t\t<img decoding=\"async\" width=\"800\" height=\"600\" data-src=\"https:\/\/wtwamericas.com\/wp-content\/uploads\/2025\/06\/DSC02673-1024x768.jpg\" class=\"attachment-large size-large wp-image-11994 lazyload\" alt=\"\" data-srcset=\"https:\/\/wtwamericas.com\/wp-content\/uploads\/2025\/06\/DSC02673-1024x768.jpg 1024w, https:\/\/wtwamericas.com\/wp-content\/uploads\/2025\/06\/DSC02673-300x225.jpg 300w, https:\/\/wtwamericas.com\/wp-content\/uploads\/2025\/06\/DSC02673-768x576.jpg 768w, https:\/\/wtwamericas.com\/wp-content\/uploads\/2025\/06\/DSC02673-1536x1152.jpg 1536w, https:\/\/wtwamericas.com\/wp-content\/uploads\/2025\/06\/DSC02673.jpg 1600w\" data-sizes=\"(max-width: 800px) 100vw, 800px\" src=\"data:image\/svg+xml;base64,PHN2ZyB3aWR0aD0iMSIgaGVpZ2h0PSIxIiB4bWxucz0iaHR0cDovL3d3dy53My5vcmcvMjAwMC9zdmciPjwvc3ZnPg==\" style=\"--smush-placeholder-width: 800px; --smush-placeholder-aspect-ratio: 800\/600;\" \/>\t\t\t\t\t\t\t\t\t\t\t\t\t\t\t<\/div>\n\t\t\t\t<div class=\"elementor-element elementor-element-c50f225 elementor-widget elementor-widget-image\" data-id=\"c50f225\" data-element_type=\"widget\" data-e-type=\"widget\" data-widget_type=\"image.default\">\n\t\t\t\t\t\t\t\t\t\t\t\t\t\t\t<img decoding=\"async\" width=\"800\" height=\"600\" data-src=\"https:\/\/wtwamericas.com\/wp-content\/uploads\/2025\/06\/IMG_1860-1024x768.jpg\" class=\"attachment-large size-large wp-image-11995 lazyload\" alt=\"\" data-srcset=\"https:\/\/wtwamericas.com\/wp-content\/uploads\/2025\/06\/IMG_1860-1024x768.jpg 1024w, https:\/\/wtwamericas.com\/wp-content\/uploads\/2025\/06\/IMG_1860-300x225.jpg 300w, https:\/\/wtwamericas.com\/wp-content\/uploads\/2025\/06\/IMG_1860-768x576.jpg 768w, https:\/\/wtwamericas.com\/wp-content\/uploads\/2025\/06\/IMG_1860-1536x1152.jpg 1536w, https:\/\/wtwamericas.com\/wp-content\/uploads\/2025\/06\/IMG_1860-2048x1536.jpg 2048w\" data-sizes=\"(max-width: 800px) 100vw, 800px\" src=\"data:image\/svg+xml;base64,PHN2ZyB3aWR0aD0iMSIgaGVpZ2h0PSIxIiB4bWxucz0iaHR0cDovL3d3dy53My5vcmcvMjAwMC9zdmciPjwvc3ZnPg==\" style=\"--smush-placeholder-width: 800px; --smush-placeholder-aspect-ratio: 800\/600;\" \/>\t\t\t\t\t\t\t\t\t\t\t\t\t\t\t<\/div>\n\t\t\t\t<\/div>\n\t\t\t\t<div class=\"elementor-element elementor-element-8dd9249 elementor-widget elementor-widget-text-editor\" data-id=\"8dd9249\" data-element_type=\"widget\" data-e-type=\"widget\" data-widget_type=\"text-editor.default\">\n\t\t\t\t\t\t\t\t\t<h3>Saiba mais<\/h3><p>To learn more about WTW Americas TKF Chain Conveyors email <a style=\"color: #5c9445;\" href=\"mailto:info@wtwamericas.com\">info@wtwamericas.com<\/a> ou ligue para <a style=\"color: #5c9445;\" href=\"http:\/\/tel:+1705-749-3544\">+1705-749-3544<\/a>.<\/p>\t\t\t\t\t\t\t\t<\/div>\n\t\t\t\t<\/div>\n\t\t\t\t<\/div>\n\t\t\t\t\t<\/div>\n\t\t\t\t<\/div>\n\t\t<div class=\"elementor-element elementor-element-28ee723 e-flex e-con-boxed e-con e-parent\" data-id=\"28ee723\" data-element_type=\"container\" data-e-type=\"container\">\n\t\t\t\t\t<div class=\"e-con-inner\">\n\t\t<div class=\"elementor-element elementor-element-a64f354 e-con-full e-flex e-con e-child\" data-id=\"a64f354\" data-element_type=\"container\" data-e-type=\"container\">\n\t\t\t\t<div class=\"elementor-element elementor-element-d88093e elementor-align-center elementor-widget elementor-widget-button\" data-id=\"d88093e\" data-element_type=\"widget\" data-e-type=\"widget\" data-widget_type=\"button.default\">\n\t\t\t\t\t\t\t\t\t\t<a class=\"elementor-button elementor-button-link elementor-size-sm\" href=\"https:\/\/wtwamericas.com\/wp-content\/uploads\/2026\/03\/WTW-TKF-CC-PDF.pdf\" rel=\"nofollow\">\n\t\t\t\t\t\t<span class=\"elementor-button-content-wrapper\">\n\t\t\t\t\t\t\t\t\t<span class=\"elementor-button-text\">View TKF Chain Conveyor Brochure<\/span>\n\t\t\t\t\t<\/span>\n\t\t\t\t\t<\/a>\n\t\t\t\t\t\t\t\t<\/div>\n\t\t\t\t<\/div>\n\t\t\t\t\t<\/div>\n\t\t\t\t<\/div>\n\t\t\t\t<\/div>","protected":false},"excerpt":{"rendered":"<p>Durable TKF Chain Conveyor Solutions Dust-Tight Conveying, Discharging, Feeding, and Distribution WTW America\u2019s TKF Chain Conveyors can be configured in a variety of widths and lengths. They can be used to distribute, discharge, and transport material in nearly every direction and orientation. They are frequently employed to move materials that would not normally convey on [&hellip;]<\/p>\n","protected":false},"author":3,"featured_media":0,"parent":0,"menu_order":0,"comment_status":"closed","ping_status":"closed","template":"","meta":{"footnotes":""},"class_list":["post-5500","page","type-page","status-publish","hentry"],"aioseo_notices":[],"_links":{"self":[{"href":"https:\/\/wtwamericas.com\/pt\/wp-json\/wp\/v2\/pages\/5500","targetHints":{"allow":["GET"]}}],"collection":[{"href":"https:\/\/wtwamericas.com\/pt\/wp-json\/wp\/v2\/pages"}],"about":[{"href":"https:\/\/wtwamericas.com\/pt\/wp-json\/wp\/v2\/types\/page"}],"author":[{"embeddable":true,"href":"https:\/\/wtwamericas.com\/pt\/wp-json\/wp\/v2\/users\/3"}],"replies":[{"embeddable":true,"href":"https:\/\/wtwamericas.com\/pt\/wp-json\/wp\/v2\/comments?post=5500"}],"version-history":[{"count":0,"href":"https:\/\/wtwamericas.com\/pt\/wp-json\/wp\/v2\/pages\/5500\/revisions"}],"wp:attachment":[{"href":"https:\/\/wtwamericas.com\/pt\/wp-json\/wp\/v2\/media?parent=5500"}],"curies":[{"name":"wp","href":"https:\/\/api.w.org\/{rel}","templated":true}]}}