{"id":5508,"date":"2024-11-21T16:27:20","date_gmt":"2024-11-21T16:27:20","guid":{"rendered":"https:\/\/wtwamericas.com\/?page_id=5508"},"modified":"2025-05-05T17:50:46","modified_gmt":"2025-05-05T17:50:46","slug":"maquina-de-descarga-rotativa","status":"publish","type":"page","link":"https:\/\/wtwamericas.com\/pt\/rotary-discharge-machine\/","title":{"rendered":"M\u00e1quina de descarga rotativa"},"content":{"rendered":"<div data-elementor-type=\"wp-page\" data-elementor-id=\"5508\" class=\"elementor elementor-5508\">\n\t\t\t\t<div class=\"elementor-element elementor-element-2ad1ba5a e-con-full e-flex e-con e-parent\" data-id=\"2ad1ba5a\" data-element_type=\"container\" data-e-type=\"container\" data-settings=\"{&quot;background_background&quot;:&quot;classic&quot;}\">\n\t\t<div class=\"elementor-element elementor-element-500f33d4 e-con-full e-flex e-con e-child\" data-id=\"500f33d4\" data-element_type=\"container\" data-e-type=\"container\">\n\t\t\t\t<div class=\"elementor-element elementor-element-32933fdf elementor-widget elementor-widget-heading\" data-id=\"32933fdf\" data-element_type=\"widget\" data-e-type=\"widget\" data-widget_type=\"heading.default\">\n\t\t\t\t\t<h1 class=\"elementor-heading-title elementor-size-default\">M\u00e1quinas de descarga rotativa eficientes<\/h1>\t\t\t\t<\/div>\n\t\t\t\t<\/div>\n\t\t\t\t<\/div>\n\t\t<div class=\"elementor-element elementor-element-13daa815 e-flex e-con-boxed e-con e-parent\" data-id=\"13daa815\" data-element_type=\"container\" data-e-type=\"container\">\n\t\t\t\t\t<div class=\"e-con-inner\">\n\t\t<div class=\"elementor-element elementor-element-12a93db9 e-con-full e-flex e-con e-child\" data-id=\"12a93db9\" data-element_type=\"container\" data-e-type=\"container\">\n\t\t<div class=\"elementor-element elementor-element-4d749a36 e-con-full e-flex e-con e-child\" data-id=\"4d749a36\" data-element_type=\"container\" data-e-type=\"container\" data-settings=\"{&quot;background_background&quot;:&quot;classic&quot;}\">\n\t\t\t\t<\/div>\n\t\t<div class=\"elementor-element elementor-element-8aed3bb e-con-full e-flex e-con e-child\" data-id=\"8aed3bb\" data-element_type=\"container\" data-e-type=\"container\" data-settings=\"{&quot;background_background&quot;:&quot;classic&quot;}\">\n\t\t\t\t<div class=\"elementor-element elementor-element-35cc7741 elementor-widget elementor-widget-text-editor\" data-id=\"35cc7741\" data-element_type=\"widget\" data-e-type=\"widget\" data-widget_type=\"text-editor.default\">\n\t\t\t\t\t\t\t\t\t<h3>Descarga, distribui\u00e7\u00e3o, recupera\u00e7\u00e3o e armazenamento de materiais a granel<\/h3><p>Os descarregadores de silo s\u00e3o empregados para materiais com caracter\u00edsticas de fluxo t\u00e3o ruins que a gravidade por si s\u00f3 n\u00e3o \u00e9 suficiente para permitir que eles fluam de um silo, tremonha ou tanque. Essa solu\u00e7\u00e3o de equipamento evita problemas t\u00edpicos de descarregamento, como ader\u00eancia, forma\u00e7\u00e3o de pontes e ratholing.<\/p>\t\t\t\t\t\t\t\t<\/div>\n\t\t\t\t<\/div>\n\t\t\t\t<\/div>\n\t\t<div class=\"elementor-element elementor-element-4ff21a07 e-con-full e-flex e-con e-child\" data-id=\"4ff21a07\" data-element_type=\"container\" data-e-type=\"container\">\n\t\t<div class=\"elementor-element elementor-element-5942ed10 e-con-full e-flex e-con e-child\" data-id=\"5942ed10\" data-element_type=\"container\" data-e-type=\"container\" data-settings=\"{&quot;background_background&quot;:&quot;classic&quot;}\">\n\t\t\t\t<div class=\"elementor-element elementor-element-29987606 elementor-widget elementor-widget-text-editor\" data-id=\"29987606\" data-element_type=\"widget\" data-e-type=\"widget\" data-widget_type=\"text-editor.default\">\n\t\t\t\t\t\t\t\t\t<h3>Sobre a m\u00e1quina de descarga rotativa<\/h3><p>Nosso Rotary Discharger \u00e9 o maior sistema de descarga da WTW, com capacidade de armazenamento de material de at\u00e9 5.000 m<sup>3\u00a0<\/sup>e di\u00e2metros de silo de cinco (5) metros a doze (12) metros.<\/p><p>\u00c9 a mais eficaz na obten\u00e7\u00e3o do fluxo de massa total de materiais. A m\u00e1quina de descarga rotativa \u00e9 amplamente utilizada nos setores de energia, cimento, pain\u00e9is de parede, minera\u00e7\u00e3o, processamento de minerais, manuseio de res\u00edduos e outros setores em que s\u00e3o necess\u00e1rios materiais de fluxo n\u00e3o livre e grandes instala\u00e7\u00f5es de armazenamento individual.<\/p><p>A unidade completa da m\u00e1quina de descarga rotativa est\u00e1 localizada dentro do cone interno de um silo, com tr\u00eas bra\u00e7os presos \u00e0 parede interna do silo. A roda de descarga e seu acionamento s\u00e3o montados em uma plataforma girat\u00f3ria. A roda de descarga move o material a granel sob o cone interno, puxando o material para a calha de descarga central.<\/p><p>A solu\u00e7\u00e3o de descarga de silo de grande porte da WTW Americas foi projetada com a nossa exclusiva engenharia alem\u00e3 e \u00e9 rigorosamente testada para garantir o sucesso ap\u00f3s a instala\u00e7\u00e3o no campo.<\/p><p><b>Benef\u00edcios para voc\u00ea<\/b><\/p><ul><li><p>Otimiza o espa\u00e7o de armazenamento.<\/p><\/li><li><p>Fornece descarga consistente e confi\u00e1vel do seu material.<\/p><\/li><li><p>Fluxo de massa cont\u00ednuo<\/p><\/li><li><p>O projeto para servi\u00e7os pesados minimiza o tempo de inatividade e a manuten\u00e7\u00e3o.<\/p><\/li><\/ul>\t\t\t\t\t\t\t\t<\/div>\n\t\t\t\t<\/div>\n\t\t<div class=\"elementor-element elementor-element-154fd876 e-con-full e-flex e-con e-child\" data-id=\"154fd876\" data-element_type=\"container\" data-e-type=\"container\" data-settings=\"{&quot;background_background&quot;:&quot;classic&quot;}\">\n\t\t\t\t<\/div>\n\t\t\t\t<\/div>\n\t\t\t\t\t<\/div>\n\t\t\t\t<\/div>\n\t\t<div class=\"elementor-element elementor-element-6ff9f391 e-flex e-con-boxed e-con e-parent\" data-id=\"6ff9f391\" data-element_type=\"container\" data-e-type=\"container\">\n\t\t\t\t\t<div class=\"e-con-inner\">\n\t\t\t\t<div class=\"elementor-element elementor-element-29dcb005 elementor-widget elementor-widget-text-editor\" data-id=\"29dcb005\" data-element_type=\"widget\" data-e-type=\"widget\" data-widget_type=\"text-editor.default\">\n\t\t\t\t\t\t\t\t\t<h3>Saiba mais<\/h3><p>Para saber mais sobre os equipamentos e a experi\u00eancia da WTW Americas no setor de m\u00e1quinas de descarga rotativa, envie um e-mail para <a style=\"color: #5c9445;\" href=\"mailto:info@wtwamericas.com\">info@wtwamericas.com<\/a> ou ligue para <a style=\"color: #5c9445;\" href=\"http:\/\/tel:+1705-749-3544\">+1705-749-3544<\/a>.<\/p>\t\t\t\t\t\t\t\t<\/div>\n\t\t\t\t\t<\/div>\n\t\t\t\t<\/div>\n\t\t\t\t<\/div>","protected":false},"excerpt":{"rendered":"<p>Efficient Rotary Discharge Machines Discharge, Distribution, Reclamation and Storage of Bulk Materials Silo dischargers are employed for materials that have such poor flow characteristics that gravity alone is not sufficient to allow them to flow from a silo, hopper, or tank. This equipment solution prevents typical discharging problems, such as sticking, bridging, and ratholing. About [&hellip;]<\/p>\n","protected":false},"author":3,"featured_media":0,"parent":0,"menu_order":0,"comment_status":"closed","ping_status":"closed","template":"","meta":{"footnotes":""},"class_list":["post-5508","page","type-page","status-publish","hentry"],"aioseo_notices":[],"_links":{"self":[{"href":"https:\/\/wtwamericas.com\/pt\/wp-json\/wp\/v2\/pages\/5508","targetHints":{"allow":["GET"]}}],"collection":[{"href":"https:\/\/wtwamericas.com\/pt\/wp-json\/wp\/v2\/pages"}],"about":[{"href":"https:\/\/wtwamericas.com\/pt\/wp-json\/wp\/v2\/types\/page"}],"author":[{"embeddable":true,"href":"https:\/\/wtwamericas.com\/pt\/wp-json\/wp\/v2\/users\/3"}],"replies":[{"embeddable":true,"href":"https:\/\/wtwamericas.com\/pt\/wp-json\/wp\/v2\/comments?post=5508"}],"version-history":[{"count":0,"href":"https:\/\/wtwamericas.com\/pt\/wp-json\/wp\/v2\/pages\/5508\/revisions"}],"wp:attachment":[{"href":"https:\/\/wtwamericas.com\/pt\/wp-json\/wp\/v2\/media?parent=5508"}],"curies":[{"name":"wp","href":"https:\/\/api.w.org\/{rel}","templated":true}]}}