{"id":5523,"date":"2024-11-21T16:34:38","date_gmt":"2024-11-21T16:34:38","guid":{"rendered":"https:\/\/wtwamericas.com\/?page_id=5523"},"modified":"2026-03-16T18:36:14","modified_gmt":"2026-03-16T18:36:14","slug":"trailer-docking-station","status":"publish","type":"page","link":"https:\/\/wtwamericas.com\/pt\/trailer-docking-station\/","title":{"rendered":"Esta\u00e7\u00e3o de acoplamento de reboque"},"content":{"rendered":"<div data-elementor-type=\"wp-page\" data-elementor-id=\"5523\" class=\"elementor elementor-5523\">\n\t\t\t\t<div class=\"elementor-element elementor-element-450e96ca e-con-full e-flex e-con e-parent\" data-id=\"450e96ca\" data-element_type=\"container\" data-e-type=\"container\" data-settings=\"{&quot;background_background&quot;:&quot;classic&quot;}\">\n\t\t<div class=\"elementor-element elementor-element-7906cc e-con-full e-flex e-con e-child\" data-id=\"7906cc\" data-element_type=\"container\" data-e-type=\"container\">\n\t\t\t\t<div class=\"elementor-element elementor-element-5af15922 elementor-widget elementor-widget-heading\" data-id=\"5af15922\" data-element_type=\"widget\" data-e-type=\"widget\" data-widget_type=\"heading.default\">\n\t\t\t\t\t<h1 class=\"elementor-heading-title elementor-size-default\">Efficient Trailer Docking Station Solutions<\/h1>\t\t\t\t<\/div>\n\t\t\t\t<\/div>\n\t\t\t\t<\/div>\n\t\t<div class=\"elementor-element elementor-element-5a9f541e e-flex e-con-boxed e-con e-parent\" data-id=\"5a9f541e\" data-element_type=\"container\" data-e-type=\"container\">\n\t\t\t\t\t<div class=\"e-con-inner\">\n\t\t<div class=\"elementor-element elementor-element-291a17f9 e-con-full e-flex e-con e-child\" data-id=\"291a17f9\" data-element_type=\"container\" data-e-type=\"container\">\n\t\t<div class=\"elementor-element elementor-element-6f60cdf5 e-con-full e-flex e-con e-child\" data-id=\"6f60cdf5\" data-element_type=\"container\" data-e-type=\"container\" data-settings=\"{&quot;background_background&quot;:&quot;classic&quot;}\">\n\t\t\t\t<\/div>\n\t\t<div class=\"elementor-element elementor-element-47f35bfe e-con-full e-flex e-con e-child\" data-id=\"47f35bfe\" data-element_type=\"container\" data-e-type=\"container\" data-settings=\"{&quot;background_background&quot;:&quot;classic&quot;}\">\n\t\t\t\t<div class=\"elementor-element elementor-element-1ddae06 elementor-widget elementor-widget-text-editor\" data-id=\"1ddae06\" data-element_type=\"widget\" data-e-type=\"widget\" data-widget_type=\"text-editor.default\">\n\t\t\t\t\t\t\t\t\t<h3>Esta\u00e7\u00e3o de acoplamento de reboque da WTW Americas<\/h3>\n<p>The WTW Americas Trailer Docking Station (TDS) is a modular design with small dimensions, which requires minimal site prep, no pit, and no underground hopper. It is easy to install and a functional and economical solution for unloading trucks with walking floor trailers which typical carry bulk materials such as wood chips, sawdust, wood waste, alternative fuels, RDF, Fluff, Municipal solid wastes, and many other lighter density fuels. A double docking station alternative with two reception units allows either simultaneous discharge of two trailers or interruption free in-feed.<\/p>\t\t\t\t\t\t\t\t<\/div>\n\t\t\t\t<\/div>\n\t\t\t\t<\/div>\n\t\t<div class=\"elementor-element elementor-element-3ece2693 e-con-full e-flex e-con e-child\" data-id=\"3ece2693\" data-element_type=\"container\" data-e-type=\"container\">\n\t\t<div class=\"elementor-element elementor-element-31ea3ee7 e-con-full e-flex e-con e-child\" data-id=\"31ea3ee7\" data-element_type=\"container\" data-e-type=\"container\" data-settings=\"{&quot;background_background&quot;:&quot;classic&quot;}\">\n\t\t\t\t<div class=\"elementor-element elementor-element-1d03514c elementor-widget elementor-widget-text-editor\" data-id=\"1d03514c\" data-element_type=\"widget\" data-e-type=\"widget\" data-widget_type=\"text-editor.default\">\n\t\t\t\t\t\t\t\t\t<p>O material a granel \u00e9 empurrado diretamente do reboque para a esta\u00e7\u00e3o de acoplamento. Os parafusos de fundo vivo localizados na parte inferior do TDS transportam o material para um transportador de corrente de eleva\u00e7\u00e3o. O transportador de corrente eleva o material a uma altura gerenci\u00e1vel ou diretamente para um alimentador.<\/p><p>Se necess\u00e1rio, o TDS pode ser fornecido em um alto grau de execu\u00e7\u00e3o sem poeira. Uma unidade de pot\u00eancia hidr\u00e1ulica estacion\u00e1ria tamb\u00e9m est\u00e1 dispon\u00edvel para desacoplar o semirreboque do caminh\u00e3o e poder esvazi\u00e1-lo de forma aut\u00f4noma, usando assim o reboque como um pequeno silo de armazenamento.<\/p><p>WTW\u2019s TDS in used in a wide variety of industries including alternative fuels, woodchips, wood waste, gypsum, and other light density materials<\/p>\t\t\t\t\t\t\t\t<\/div>\n\t\t\t\t<\/div>\n\t\t<div class=\"elementor-element elementor-element-b987d7e e-con-full e-flex e-con e-child\" data-id=\"b987d7e\" data-element_type=\"container\" data-e-type=\"container\" data-settings=\"{&quot;background_background&quot;:&quot;classic&quot;}\">\n\t\t\t\t<\/div>\n\t\t\t\t<\/div>\n\t\t\t\t\t<\/div>\n\t\t\t\t<\/div>\n\t\t<div class=\"elementor-element elementor-element-2e7d5981 e-flex e-con-boxed e-con e-parent\" data-id=\"2e7d5981\" data-element_type=\"container\" data-e-type=\"container\">\n\t\t\t\t\t<div class=\"e-con-inner\">\n\t\t<div class=\"elementor-element elementor-element-39a0e7d0 e-con-full e-flex e-con e-child\" data-id=\"39a0e7d0\" data-element_type=\"container\" data-e-type=\"container\">\n\t\t<div class=\"elementor-element elementor-element-478d0e8c e-con-full e-flex e-con e-child\" data-id=\"478d0e8c\" data-element_type=\"container\" data-e-type=\"container\" data-settings=\"{&quot;background_background&quot;:&quot;classic&quot;}\">\n\t\t\t\t<\/div>\n\t\t<div class=\"elementor-element elementor-element-3e5e52ab e-con-full e-flex e-con e-child\" data-id=\"3e5e52ab\" data-element_type=\"container\" data-e-type=\"container\" data-settings=\"{&quot;background_background&quot;:&quot;classic&quot;}\">\n\t\t\t\t<div class=\"elementor-element elementor-element-4e8e843a elementor-widget elementor-widget-text-editor\" data-id=\"4e8e843a\" data-element_type=\"widget\" data-e-type=\"widget\" data-widget_type=\"text-editor.default\">\n\t\t\t\t\t\t\t\t\t<p><strong>Benef\u00edcios para voc\u00ea<\/strong><\/p><ul><li>Trailer docking stations streamline the unloading process, reducing time and labor costs. Docking stations often have automated or semi-automated systems to facilitate fast and safe transfers.<\/li><li>Dock shelters and seals are often incorporated in trailer docking stations to seal the receiving materials from the elements, and to virtually eliminate dusting.<\/li><li>The Trailer can act as a temporary material storage buffer at the beginning of a process.<\/li><li>Hydraulic power packs allow for autonomous unloading.<\/li><\/ul>\t\t\t\t\t\t\t\t<\/div>\n\t\t\t\t<\/div>\n\t\t\t\t<\/div>\n\t\t\t\t\t<\/div>\n\t\t\t\t<\/div>\n\t\t<div class=\"elementor-element elementor-element-51e501b8 e-flex e-con-boxed e-con e-parent\" data-id=\"51e501b8\" data-element_type=\"container\" data-e-type=\"container\">\n\t\t\t\t\t<div class=\"e-con-inner\">\n\t\t\t\t<div class=\"elementor-element elementor-element-47e28db9 elementor-widget elementor-widget-text-editor\" data-id=\"47e28db9\" data-element_type=\"widget\" data-e-type=\"widget\" data-widget_type=\"text-editor.default\">\n\t\t\t\t\t\t\t\t\t<h3>Saiba mais<\/h3><p>To learn more about WTW Americas equipment and experience in the Trailer Docking Station email <a style=\"color: #5c9445;\" href=\"mailto:info@wtwamericas.com\">info@wtwamericas.com<\/a> ou ligue para <a style=\"color: #5c9445;\" href=\"http:\/\/tel:+1705-749-3544\">+1705-749-3544<\/a>.<\/p>\t\t\t\t\t\t\t\t<\/div>\n\t\t\t\t\t<\/div>\n\t\t\t\t<\/div>\n\t\t<div class=\"elementor-element elementor-element-88526a3 e-flex e-con-boxed e-con e-parent\" data-id=\"88526a3\" data-element_type=\"container\" data-e-type=\"container\">\n\t\t\t\t\t<div class=\"e-con-inner\">\n\t\t<div class=\"elementor-element elementor-element-6df47eb e-con-full e-flex e-con e-child\" data-id=\"6df47eb\" data-element_type=\"container\" data-e-type=\"container\">\n\t\t\t\t<div class=\"elementor-element elementor-element-321c15c elementor-align-center elementor-widget elementor-widget-button\" data-id=\"321c15c\" data-element_type=\"widget\" data-e-type=\"widget\" data-widget_type=\"button.default\">\n\t\t\t\t\t\t\t\t\t\t<a class=\"elementor-button elementor-button-link elementor-size-sm\" href=\"https:\/\/wtwamericas.com\/wp-content\/uploads\/2026\/03\/WTW-TDS-PDF.pdf\">\n\t\t\t\t\t\t<span class=\"elementor-button-content-wrapper\">\n\t\t\t\t\t\t\t\t\t<span class=\"elementor-button-text\">View Trailer Docking Station Brochure<\/span>\n\t\t\t\t\t<\/span>\n\t\t\t\t\t<\/a>\n\t\t\t\t\t\t\t\t<\/div>\n\t\t\t\t<\/div>\n\t\t\t\t\t<\/div>\n\t\t\t\t<\/div>\n\t\t\t\t<\/div>","protected":false},"excerpt":{"rendered":"<p>Efficient Trailer Docking Station Solutions WTW Americas Trailer Docking Station The WTW Americas Trailer Docking Station (TDS) is a modular design with small dimensions, which requires minimal site prep, no pit, and no underground hopper. It is easy to install and a functional and economical solution for unloading trucks with walking floor trailers which typical [&hellip;]<\/p>\n","protected":false},"author":3,"featured_media":0,"parent":0,"menu_order":0,"comment_status":"closed","ping_status":"closed","template":"","meta":{"footnotes":""},"class_list":["post-5523","page","type-page","status-publish","hentry"],"aioseo_notices":[],"_links":{"self":[{"href":"https:\/\/wtwamericas.com\/pt\/wp-json\/wp\/v2\/pages\/5523","targetHints":{"allow":["GET"]}}],"collection":[{"href":"https:\/\/wtwamericas.com\/pt\/wp-json\/wp\/v2\/pages"}],"about":[{"href":"https:\/\/wtwamericas.com\/pt\/wp-json\/wp\/v2\/types\/page"}],"author":[{"embeddable":true,"href":"https:\/\/wtwamericas.com\/pt\/wp-json\/wp\/v2\/users\/3"}],"replies":[{"embeddable":true,"href":"https:\/\/wtwamericas.com\/pt\/wp-json\/wp\/v2\/comments?post=5523"}],"version-history":[{"count":0,"href":"https:\/\/wtwamericas.com\/pt\/wp-json\/wp\/v2\/pages\/5523\/revisions"}],"wp:attachment":[{"href":"https:\/\/wtwamericas.com\/pt\/wp-json\/wp\/v2\/media?parent=5523"}],"curies":[{"name":"wp","href":"https:\/\/api.w.org\/{rel}","templated":true}]}}